{"id":1008,"date":"2018-03-30T17:55:26","date_gmt":"2018-03-30T15:55:26","guid":{"rendered":"http:\/\/www.ci-romero.de\/?page_id=1008"},"modified":"2025-02-28T12:50:32","modified_gmt":"2025-02-28T11:50:32","slug":"quienes_somos","status":"publish","type":"page","link":"https:\/\/www.ci-romero.de\/es\/quienes_somos\/","title":{"rendered":"Qui\u00e9nes somos"},"content":{"rendered":"<div class=\"wpb-content-wrapper\">[vc_row css=\u00bb.vc_custom_1527520718825{margin-bottom: 50px !important;background-image: url(https:\/\/www.ci-romero.de\/es\/wp-content\/uploads\/2018\/04\/slider-bg-menschenrechte.png?id=1424) !important;background-position: center !important;background-repeat: no-repeat !important;background-size: cover !important;}\u00bb el_class=\u00bbslider slider_menschenrechte center\u00bb][vc_column][vc_row_inner el_class=\u00bbinner\u00bb][vc_column_inner css=\u00bb.vc_custom_1521735651339{margin-top: 40px !important;}\u00bb][vc_column_text el_class=\u00bbwhite\u00bb]<\/p>\n<h1>Qui\u00e9nes somos<\/h1>\n<p>[\/vc_column_text][\/vc_column_inner][\/vc_row_inner][\/vc_column][\/vc_row][vc_row][vc_column width=\u00bb1\/6&#8243; offset=\u00bbvc_hidden-sm vc_hidden-xs\u00bb][\/vc_column][vc_column offset=\u00bbvc_col-lg-8 vc_col-md-8&#8243;][vc_empty_space height=\u00bb64px\u00bb][vc_row_inner el_class=\u00bbcenter\u00bb][vc_column_inner width=\u00bb1\/6&#8243; offset=\u00bbvc_hidden-xs\u00bb][\/vc_column_inner][vc_column_inner width=\u00bb2\/3&#8243; offset=\u00bbvc_col-lg-8 vc_col-md-8 vc_col-xs-12&#8243;][vc_column_text]<\/p>\n<h2>Christliche Initiative Romero e.V.<br \/>\nIniciativa Cristiana Romero (ICR)<\/h2>\n<p>[\/vc_column_text][vc_column_text el_class=\u00bbteaser\u00bb]Una voz para la justicia[\/vc_column_text][\/vc_column_inner][vc_column_inner width=\u00bb1\/6&#8243; offset=\u00bbvc_hidden-xs\u00bb][vc_single_image source=\u00bbexternal_link\u00bb alignment=\u00bbright\u00bb css_animation=\u00bbfadeInRight\u00bb css=\u00bb.vc_custom_1528636853645{margin-top: -100px !important;}\u00bb custom_src=\u00bbhttps:\/\/www.ci-romero.de\/es\/wp-content\/themes\/FGR\/_img\/illu-kaffeebohnen.png\u00bb][\/vc_column_inner][\/vc_row_inner][vc_row_inner content_placement=\u00bbmiddle\u00bb disable_element=\u00bbyes\u00bb css=\u00bb.vc_custom_1548159237045{margin-top: 20px !important;padding-top: 50px !important;padding-bottom: 70px !important;background-image: url(https:\/\/www.ci-romero.de\/es\/wp-content\/uploads\/2018\/03\/illu-aquagelb.png?id=192) !important;background-position: center !important;background-repeat: no-repeat !important;background-size: contain !important;}\u00bb][vc_column_inner][vc_column_text el_class=\u00bbcenter\u00bb]<\/p>\n<p><span class=\"big\">Aktuell suchen wir: <a href=\"https:\/\/www.ci-romero.de\/es\/ueber-uns\/stellenangebote-jobs\/\">Mitarbeiter*in im Bereich Projektfinanzen (Vollzeit)<\/a><\/span><\/p>\n<p>[\/vc_column_text][\/vc_column_inner][\/vc_row_inner][\/vc_column][vc_column width=\u00bb1\/6&#8243; offset=\u00bbvc_hidden-sm vc_hidden-xs\u00bb][\/vc_column][\/vc_row][vc_row css=\u00bb.vc_custom_1528637079849{background-image: url(https:\/\/www.ci-romero.de\/es\/wp-content\/uploads\/2018\/03\/illu-background-blau.jpg?id=665) !important;background-position: center !important;background-repeat: no-repeat !important;background-size: cover !important;}\u00bb][vc_column width=\u00bb1\/6&#8243; offset=\u00bbvc_hidden-sm vc_hidden-xs\u00bb][\/vc_column][vc_column offset=\u00bbvc_col-lg-8 vc_col-md-8&#8243;][vc_empty_space height=\u00bb128px\u00bb][vc_row_inner gap=\u00bb10&#8243; css=\u00bb.vc_custom_1522078865348{padding-right: 5px !important;padding-left: 5px !important;}\u00bb][vc_column_inner width=\u00bb1\/2&#8243;][vc_column_text el_class=\u00bbcenter\u00bb]<\/p>\n<h3>Equipo<\/h3>\n<p>[\/vc_column_text][vc_single_image image=\u00bb13076&#8243; img_size=\u00bbfull\u00bb add_caption=\u00bbyes\u00bb onclick=\u00bbcustom_link\u00bb css=\u00bb\u00bb link=\u00bbhttps:\/\/www.ci-romero.de\/es\/equipo\/\u00bb][vc_column_text css=\u00bb.vc_custom_1587657552095{padding-top: 15px !important;}\u00bb el_class=\u00bbgrid2er-horizontal\u00bb]<\/p>\n<h3><a href=\"https:\/\/www.ci-romero.de\/es\/equipo\/\">El equipo en la oficina de la ICR<\/a><\/h3>\n<p>[\/vc_column_text][vc_column_text el_class=\u00bbpostgrid2er-horiz_text grid2er-horizontal\u00bb]<a href=\"https:\/\/www.ci-romero.de\/es\/equipo\/\">Las campa\u00f1as y proyectos de la ICR realiza el equipo con dedicaci\u00f3n exclusiva. Aqu\u00ed encuentra todos los miembros del equipo, los datos de contacto y sus \u00e1reas de trabajo.<\/a>[\/vc_column_text][\/vc_column_inner][vc_column_inner width=\u00bb1\/2&#8243;][vc_column_text el_class=\u00bbcenter\u00bb]<\/p>\n<h3>Lo que hacemos<\/h3>\n<p>[\/vc_column_text][vc_single_image image=\u00bb9817&#8243; img_size=\u00bbfull\u00bb add_caption=\u00bbyes\u00bb onclick=\u00bbcustom_link\u00bb css=\u00bb\u00bb link=\u00bbhttps:\/\/www.ci-romero.de\/es\/mision-vision\/\u00bb][vc_column_text css=\u00bb.vc_custom_1587657613789{padding-top: 15px !important;}\u00bb el_class=\u00bbgrid2er-horizontal\u00bb]<\/p>\n<h3><a href=\"https:\/\/www.ci-romero.de\/es\/mision-vision\/\">Nuestra visi\u00f3n, nuestra misi\u00f3n<\/a><\/h3>\n<p>[\/vc_column_text][vc_column_text el_class=\u00bbpostgrid2er-horiz_text\u00bb]<a href=\"https:\/\/www.ci-romero.de\/es\/mision-vision\/\">Nuestra visi\u00f3n es un mundo justo y solidario en el cual un buen vivir para todos es posible. C\u00faales son nuestros objetivos y m\u00e9todos concretos puede leer aqu\u00ed.<\/a>[\/vc_column_text][\/vc_column_inner][\/vc_row_inner][vc_empty_space][vc_row_inner gap=\u00bb10&#8243; css=\u00bb.vc_custom_1522078865348{padding-right: 5px !important;padding-left: 5px !important;}\u00bb][vc_column_inner width=\u00bb1\/2&#8243;][vc_column_text el_class=\u00bbcenter\u00bb]<\/p>\n<h3>Organizaci\u00f3n<\/h3>\n<p>[\/vc_column_text][vc_single_image image=\u00bb13023&#8243; img_size=\u00bbfull\u00bb add_caption=\u00bbyes\u00bb][vc_column_text css=\u00bb.vc_custom_1588619046017{padding-top: 15px !important;}\u00bb el_class=\u00bbgrid2er-horizontal\u00bb]<\/p>\n<h3>As\u00ed estamos organizados<\/h3>\n<p>[\/vc_column_text][vc_column_text el_class=\u00bbpostgrid2er-horiz_text grid2er-horizontal\u00bb]Desde sus principios la ICR es una asociaci\u00f3n ben\u00e9fica independiente. Por lo tanto tenemos una directiva y una junta de miembros como comisi\u00f3n principal. Informamos anualmente de forma transparente sobre nuestro financiamiento.[\/vc_column_text][\/vc_column_inner][vc_column_inner width=\u00bb1\/2&#8243;][vc_column_text el_class=\u00bbcenter\u00bb]<\/p>\n<h3>Oscar Romero<\/h3>\n<p>[\/vc_column_text][vc_single_image image=\u00bb2904&#8243; img_size=\u00bb500&#215;283&#8243; add_caption=\u00bbyes\u00bb onclick=\u00bbcustom_link\u00bb link=\u00bbhttps:\/\/www.ci-romero.de\/es\/oscar-romero\/\u00bb][vc_column_text css=\u00bb.vc_custom_1587657641443{padding-top: 15px !important;}\u00bb el_class=\u00bbgrid2er-horizontal\u00bb]<\/p>\n<h3><a href=\"https:\/\/www.ci-romero.de\/es\/oscar-romero\/\">Dador del nombre de la ICR<\/a><\/h3>\n<p>[\/vc_column_text][vc_column_text el_class=\u00bbpostgrid2er-horiz_text\u00bb]<a href=\"https:\/\/www.ci-romero.de\/es\/oscar-romero\/\">Oscar Arnulfo Romero fue un arzobispo elsalvadore\u00f1o que se comprometi\u00f3 para la justicia y personas oprimidas en la sociedad. Cuando le mataron con un disparo en el altar en 1980 la ICR adopt\u00f3 su nombre para proseguir la labor de \u00e9l.<\/a>[\/vc_column_text][\/vc_column_inner][\/vc_row_inner][\/vc_column][vc_column width=\u00bb1\/6&#8243; offset=\u00bbvc_hidden-sm vc_hidden-xs\u00bb][\/vc_column][\/vc_row]<\/div>\n","protected":false},"excerpt":{"rendered":"<p>[vc_row css=\u00bb.vc_custom_1527520718825{margin-bottom: 50px !important;background-image: url(https:\/\/www.ci-romero.de\/es\/wp-content\/uploads\/2018\/04\/slider-bg-menschenrechte.png?id=1424) !important;background-position: center !important;background-repeat: no-repeat !important;background-size: cover !important;}\u00bb el_class=\u00bbslider slider_menschenrechte center\u00bb][vc_column][vc_row_inner el_class=\u00bbinner\u00bb][vc_column_inner css=\u00bb.vc_custom_1521735651339{margin-top: 40px !important;}\u00bb][vc_column_text el_class=\u00bbwhite\u00bb] Qui\u00e9nes somos [\/vc_column_text][\/vc_column_inner][\/vc_row_inner][\/vc_column][\/vc_row][vc_row][vc_column width=\u00bb1\/6&#8243; offset=\u00bbvc_hidden-sm vc_hidden-xs\u00bb][\/vc_column][vc_column offset=\u00bbvc_col-lg-8 vc_col-md-8&#8243;][vc_empty_space height=\u00bb64px\u00bb][vc_row_inner el_class=\u00bbcenter\u00bb][vc_column_inner width=\u00bb1\/6&#8243; offset=\u00bbvc_hidden-xs\u00bb][\/vc_column_inner][vc_column_inner width=\u00bb2\/3&#8243; offset=\u00bbvc_col-lg-8 vc_col-md-8 vc_col-xs-12&#8243;][vc_column_text] Christliche Initiative Romero e.V. Iniciativa Cristiana Romero (ICR) [\/vc_column_text][vc_column_text el_class=\u00bbteaser\u00bb]Una voz para la justicia[\/vc_column_text][\/vc_column_inner][vc_column_inner width=\u00bb1\/6&#8243; offset=\u00bbvc_hidden-xs\u00bb][vc_single_image source=\u00bbexternal_link\u00bb alignment=\u00bbright\u00bb css_animation=\u00bbfadeInRight\u00bb [&hellip;]<\/p>\n","protected":false},"author":121,"featured_media":0,"parent":0,"menu_order":0,"comment_status":"closed","ping_status":"closed","template":"","meta":{"_acf_changed":false,"footnotes":""},"class_list":["post-1008","page","type-page","status-publish","hentry"],"acf":[],"yoast_head":"<!-- This site is optimized with the Yoast SEO plugin v27.2 - https:\/\/yoast.com\/product\/yoast-seo-wordpress\/ -->\n<title>Qui\u00e9nes somos - Christliche Initiative Romero e.V. (CIR)<\/title>\n<meta name=\"description\" content=\"El equipo de la ICR se presenta y exlica como esta organizada, c\u00faal es su visi\u00f3n y qui\u00e9n fue su dador del nombre Romero.\" \/>\n<meta name=\"robots\" content=\"index, follow, max-snippet:-1, max-image-preview:large, max-video-preview:-1\" \/>\n<link rel=\"canonical\" href=\"https:\/\/www.ci-romero.de\/es\/quienes_somos\/\" \/>\n<meta property=\"og:locale\" content=\"es_ES\" \/>\n<meta property=\"og:type\" content=\"article\" \/>\n<meta property=\"og:title\" content=\"Qui\u00e9nes somos - Christliche Initiative Romero e.V. (CIR)\" \/>\n<meta property=\"og:description\" content=\"El equipo de la ICR se presenta y exlica como esta organizada, c\u00faal es su visi\u00f3n y qui\u00e9n fue su dador del nombre Romero.\" \/>\n<meta property=\"og:url\" content=\"https:\/\/www.ci-romero.de\/es\/quienes_somos\/\" \/>\n<meta property=\"og:site_name\" content=\"Christliche Initiative Romero e.V. (CIR)\" \/>\n<meta property=\"article:modified_time\" content=\"2025-02-28T11:50:32+00:00\" \/>\n<meta name=\"twitter:card\" content=\"summary_large_image\" \/>\n<meta name=\"twitter:label1\" content=\"Tiempo de lectura\" \/>\n\t<meta name=\"twitter:data1\" content=\"3 minutos\" \/>\n<script type=\"application\/ld+json\" class=\"yoast-schema-graph\">{\"@context\":\"https:\/\/schema.org\",\"@graph\":[{\"@type\":\"WebPage\",\"@id\":\"https:\/\/www.ci-romero.de\/es\/quienes_somos\/\",\"url\":\"https:\/\/www.ci-romero.de\/es\/quienes_somos\/\",\"name\":\"Qui\u00e9nes somos - Christliche Initiative Romero e.V. (CIR)\",\"isPartOf\":{\"@id\":\"https:\/\/www.ci-romero.de\/es\/#website\"},\"datePublished\":\"2018-03-30T15:55:26+00:00\",\"dateModified\":\"2025-02-28T11:50:32+00:00\",\"description\":\"El equipo de la ICR se presenta y exlica como esta organizada, c\u00faal es su visi\u00f3n y qui\u00e9n fue su dador del nombre Romero.\",\"breadcrumb\":{\"@id\":\"https:\/\/www.ci-romero.de\/es\/quienes_somos\/#breadcrumb\"},\"inLanguage\":\"es\",\"potentialAction\":[{\"@type\":\"ReadAction\",\"target\":[\"https:\/\/www.ci-romero.de\/es\/quienes_somos\/\"]}]},{\"@type\":\"BreadcrumbList\",\"@id\":\"https:\/\/www.ci-romero.de\/es\/quienes_somos\/#breadcrumb\",\"itemListElement\":[{\"@type\":\"ListItem\",\"position\":1,\"name\":\"Home\",\"item\":\"https:\/\/www.ci-romero.de\/es\/\"},{\"@type\":\"ListItem\",\"position\":2,\"name\":\"Qui\u00e9nes somos\"}]},{\"@type\":\"WebSite\",\"@id\":\"https:\/\/www.ci-romero.de\/es\/#website\",\"url\":\"https:\/\/www.ci-romero.de\/es\/\",\"name\":\"Christliche Initiative Romero e.V. (CIR)\",\"description\":\"Eine Stimme f\u00fcr mehr Gerechtigkeit\",\"potentialAction\":[{\"@type\":\"SearchAction\",\"target\":{\"@type\":\"EntryPoint\",\"urlTemplate\":\"https:\/\/www.ci-romero.de\/es\/?s={search_term_string}\"},\"query-input\":{\"@type\":\"PropertyValueSpecification\",\"valueRequired\":true,\"valueName\":\"search_term_string\"}}],\"inLanguage\":\"es\"}]}<\/script>\n<!-- \/ Yoast SEO plugin. -->","yoast_head_json":{"title":"Qui\u00e9nes somos - Christliche Initiative Romero e.V. (CIR)","description":"El equipo de la ICR se presenta y exlica como esta organizada, c\u00faal es su visi\u00f3n y qui\u00e9n fue su dador del nombre Romero.","robots":{"index":"index","follow":"follow","max-snippet":"max-snippet:-1","max-image-preview":"max-image-preview:large","max-video-preview":"max-video-preview:-1"},"canonical":"https:\/\/www.ci-romero.de\/es\/quienes_somos\/","og_locale":"es_ES","og_type":"article","og_title":"Qui\u00e9nes somos - Christliche Initiative Romero e.V. (CIR)","og_description":"El equipo de la ICR se presenta y exlica como esta organizada, c\u00faal es su visi\u00f3n y qui\u00e9n fue su dador del nombre Romero.","og_url":"https:\/\/www.ci-romero.de\/es\/quienes_somos\/","og_site_name":"Christliche Initiative Romero e.V. (CIR)","article_modified_time":"2025-02-28T11:50:32+00:00","twitter_card":"summary_large_image","twitter_misc":{"Tiempo de lectura":"3 minutos"},"schema":{"@context":"https:\/\/schema.org","@graph":[{"@type":"WebPage","@id":"https:\/\/www.ci-romero.de\/es\/quienes_somos\/","url":"https:\/\/www.ci-romero.de\/es\/quienes_somos\/","name":"Qui\u00e9nes somos - Christliche Initiative Romero e.V. (CIR)","isPartOf":{"@id":"https:\/\/www.ci-romero.de\/es\/#website"},"datePublished":"2018-03-30T15:55:26+00:00","dateModified":"2025-02-28T11:50:32+00:00","description":"El equipo de la ICR se presenta y exlica como esta organizada, c\u00faal es su visi\u00f3n y qui\u00e9n fue su dador del nombre Romero.","breadcrumb":{"@id":"https:\/\/www.ci-romero.de\/es\/quienes_somos\/#breadcrumb"},"inLanguage":"es","potentialAction":[{"@type":"ReadAction","target":["https:\/\/www.ci-romero.de\/es\/quienes_somos\/"]}]},{"@type":"BreadcrumbList","@id":"https:\/\/www.ci-romero.de\/es\/quienes_somos\/#breadcrumb","itemListElement":[{"@type":"ListItem","position":1,"name":"Home","item":"https:\/\/www.ci-romero.de\/es\/"},{"@type":"ListItem","position":2,"name":"Qui\u00e9nes somos"}]},{"@type":"WebSite","@id":"https:\/\/www.ci-romero.de\/es\/#website","url":"https:\/\/www.ci-romero.de\/es\/","name":"Christliche Initiative Romero e.V. (CIR)","description":"Eine Stimme f\u00fcr mehr Gerechtigkeit","potentialAction":[{"@type":"SearchAction","target":{"@type":"EntryPoint","urlTemplate":"https:\/\/www.ci-romero.de\/es\/?s={search_term_string}"},"query-input":{"@type":"PropertyValueSpecification","valueRequired":true,"valueName":"search_term_string"}}],"inLanguage":"es"}]}},"_links":{"self":[{"href":"https:\/\/www.ci-romero.de\/es\/wp-json\/wp\/v2\/pages\/1008","targetHints":{"allow":["GET"]}}],"collection":[{"href":"https:\/\/www.ci-romero.de\/es\/wp-json\/wp\/v2\/pages"}],"about":[{"href":"https:\/\/www.ci-romero.de\/es\/wp-json\/wp\/v2\/types\/page"}],"author":[{"embeddable":true,"href":"https:\/\/www.ci-romero.de\/es\/wp-json\/wp\/v2\/users\/121"}],"replies":[{"embeddable":true,"href":"https:\/\/www.ci-romero.de\/es\/wp-json\/wp\/v2\/comments?post=1008"}],"version-history":[{"count":5,"href":"https:\/\/www.ci-romero.de\/es\/wp-json\/wp\/v2\/pages\/1008\/revisions"}],"predecessor-version":[{"id":13094,"href":"https:\/\/www.ci-romero.de\/es\/wp-json\/wp\/v2\/pages\/1008\/revisions\/13094"}],"wp:attachment":[{"href":"https:\/\/www.ci-romero.de\/es\/wp-json\/wp\/v2\/media?parent=1008"}],"curies":[{"name":"wp","href":"https:\/\/api.w.org\/{rel}","templated":true}]}}