{"id":1010,"date":"2018-04-12T11:57:55","date_gmt":"2018-04-12T09:57:55","guid":{"rendered":"http:\/\/www.ci-romero.de\/?page_id=1010"},"modified":"2025-02-28T12:35:43","modified_gmt":"2025-02-28T11:35:43","slug":"contacto","status":"publish","type":"page","link":"https:\/\/www.ci-romero.de\/es\/contacto\/","title":{"rendered":"Contacto"},"content":{"rendered":"<div class=\"wpb-content-wrapper\">[vc_row css=\u00bb.vc_custom_1522059164899{background-image: url(https:\/\/www.ci-romero.de\/es\/wp-content\/uploads\/2018\/03\/slider-bg-kritischer-konsum.jpg?id=361) !important;background-position: center !important;background-repeat: no-repeat !important;background-size: cover !important;}\u00bb el_class=\u00bbslider slider_kritischerkonsum center\u00bb][vc_column][vc_row_inner el_class=\u00bbinner\u00bb][vc_column_inner css=\u00bb.vc_custom_1521541984338{margin-top: 60px !important;}\u00bb][vc_column_text el_class=\u00bbwhite\u00bb]<\/p>\n<h1>\u00abSu opini\u00f3n sobre nuestro trabajo es siempre bienvenida, as\u00ed como sus ideas y preguntas.\u00bb<\/h1>\n<p><em>El equipo de la ICR<\/em>[\/vc_column_text][\/vc_column_inner][\/vc_row_inner][\/vc_column][\/vc_row][vc_row gap=\u00bb35&#8243; css=\u00bb.vc_custom_1521737734832{margin-top: 40px !important;}\u00bb][vc_column width=\u00bb1\/6&#8243; offset=\u00bbvc_hidden-sm vc_hidden-xs\u00bb][\/vc_column][vc_column offset=\u00bbvc_col-lg-8 vc_col-md-8&#8243;][vc_row_inner][vc_column_inner][vc_column_text el_class=\u00bbcenter\u00bb]<\/p>\n<h2>Contacto<\/h2>\n<p>[\/vc_column_text][vc_column_text el_class=\u00bbcenter\u00bb]<\/p>\n<h6>Si tienes alguna pregunta, no dudes en contactarnos por e-mail o ll\u00e1manos a nuestra oficina de M\u00fcnster.<\/h6>\n<p>[\/vc_column_text][\/vc_column_inner][\/vc_row_inner][vc_row_inner gap=\u00bb20&#8243;][vc_column_inner width=\u00bb1\/2&#8243; css=\u00bb.vc_custom_1521738593640{margin-top: 20px !important;}\u00bb][vc_single_image image=\u00bb3153&#8243; img_size=\u00bbfull\u00bb alignment=\u00bbcenter\u00bb][vc_column_text]<\/p>\n<h4>Contacto<\/h4>\n<p>Christliche Initiative Romero e.V. (CIR)<br \/>\nSchillerstra\u00dfe 44a \u00b7 D-48155 M\u00fcnster<br \/>\nE-Mail: <a href=\"javascript:linkTo_UnCryptMailto('Y2lyQGNpLXJvbWVyby5kZQ==');\">cir<span style=\"display: none;\">noSpam<\/span>@ci-romero.de<\/a><br \/>\nPhone +49 (0) 251 \/ 67 44 13 &#8211; 0<br \/>\nFax +49 (0) 251 \/ 67 44 13 &#8211; 11[\/vc_column_text][\/vc_column_inner][vc_column_inner width=\u00bb1\/2&#8243;][\/vc_column_inner][\/vc_row_inner][\/vc_column][vc_column width=\u00bb1\/6&#8243; offset=\u00bbvc_hidden-sm vc_hidden-xs\u00bb][vc_single_image source=\u00bbexternal_link\u00bb css_animation=\u00bbfadeInRight\u00bb css=\u00bb.vc_custom_1521736864381{margin-top: -80px !important;margin-left: -90px !important;}\u00bb custom_src=\u00bbhttps:\/\/www.ci-romero.de\/es\/wp-content\/themes\/FGR\/_img\/illu-kaffeebohnen.png\u00bb][\/vc_column][\/vc_row][vc_row content_placement=\u00bbmiddle\u00bb css=\u00bb.vc_custom_1524769011008{margin-top: -80px !important;}\u00bb][vc_column width=\u00bb1\/2&#8243; css=\u00bb.vc_custom_1524769002990{margin-left: -100px !important;}\u00bb][vc_single_image source=\u00bbexternal_link\u00bb alignment=\u00bbright\u00bb css_animation=\u00bbfadeInLeft\u00bb custom_src=\u00bbhttps:\/\/www.ci-romero.de\/es\/wp-content\/themes\/FGR\/_img\/illu-feld-bauer-gespiegelt.png\u00bb el_class=\u00bbzindex100&#8243;][\/vc_column][vc_column width=\u00bb1\/2&#8243;][\/vc_column][\/vc_row][vc_row gap=\u00bb35&#8243; css=\u00bb.vc_custom_1521737734832{margin-top: 40px !important;}\u00bb][vc_column width=\u00bb1\/6&#8243; offset=\u00bbvc_hidden-sm vc_hidden-xs\u00bb][\/vc_column][vc_column offset=\u00bbvc_col-lg-8 vc_col-md-8&#8243;][vc_row_inner][vc_column_inner][vc_column_text el_class=\u00bbcenter\u00bb]<\/p>\n<h3>Si\u00e9ntase libre de visitarnos en M\u00fcnster, N\u00faremberg o Berl\u00edn<\/h3>\n<p>[\/vc_column_text][vc_column_text el_class=\u00bbcenter\u00bb]<br \/>\n[\/vc_column_text][\/vc_column_inner][\/vc_row_inner][vc_row_inner css=\u00bb.vc_custom_1524756622873{margin-top: 20px !important;}\u00bb][vc_column_inner][vc_gmaps link=\u00bb#E-8_JTNDaWZyYW1lJTIwc3JjJTNEJTIyaHR0cHMlM0ElMkYlMkZ3d3cuZ29vZ2xlLmNvbSUyRm1hcHMlMkZkJTJGdSUyRjAlMkZlbWJlZCUzRm1pZCUzRDFZSVJyS21uZG1VdU9vVE04X0toU2xKUGJmbUxzc2pTSCUyMiUyMHdpZHRoJTNEJTIyODk0JTIyJTIwaGVpZ2h0JTNEJTIyNDgwJTIyJTNFJTNDJTJGaWZyYW1lJTNF\u00bb size=\u00bb400&#8243;][\/vc_column_inner][\/vc_row_inner][\/vc_column][vc_column width=\u00bb1\/6&#8243; offset=\u00bbvc_hidden-sm vc_hidden-xs\u00bb][\/vc_column][\/vc_row][vc_row][vc_column width=\u00bb1\/6&#8243;][\/vc_column][vc_column width=\u00bb2\/3&#8243;][vc_row_inner css=\u00bb.vc_custom_1520960503811{margin-top: 20px !important;}\u00bb][vc_column_inner el_class=\u00bbcenter\u00bb offset=\u00bbvc_col-lg-4 vc_col-md-6&#8243;][vc_column_text]<\/p>\n<p class=\"bigger\">La oficina de M\u00fcnster<\/p>\n<p class=\"sansserif\">Schillerstra\u00dfe 44a<\/p>\n<p class=\"sansserif\">48155 M\u00fcnster<\/p>\n<p class=\"sansserif\">Tel\u00e9fono (+49)2 51 \/ 67 44 13 &#8211; 0<\/p>\n<p class=\"sansserif\"><a href=\"javascript:linkTo_UnCryptMailto('Y2lyQGNpLXJvbWVyby5kZQ==');\">cir<span style=\"display: none;\">noSpam<\/span>@ci-romero.de<\/a><br \/>\n[\/vc_column_text][\/vc_column_inner][vc_column_inner el_class=\u00bbcenter\u00bb offset=\u00bbvc_col-lg-4 vc_col-md-6&#8243;][vc_column_text]<\/p>\n<p class=\"bigger\">La oficina de Berl\u00edn<\/p>\n<p class=\"sansserif\">Am Sudhaus 2<\/p>\n<p class=\"sansserif\">12053 Berlin<\/p>\n<p class=\"sansserif\">Tel\u00e9fono (+49) 0 30 \/ 41 72 38 00<\/p>\n<p class=\"sansserif\"><a href=\"javascript:linkTo_UnCryptMailto('ZHVzY2hAY2ktcm9tZXJvLmRl');\">dusch<span style=\"display: none;\">noSpam<\/span>@ci-romero.de<\/a><br \/>\n[\/vc_column_text][\/vc_column_inner][vc_column_inner el_class=\u00bbcenter\u00bb offset=\u00bbvc_col-lg-4&#8243;][vc_column_text]<\/p>\n<p class=\"bigger\">La oficina de N\u00faremberg<\/p>\n<p class=\"sansserif\">Burgstra\u00dfe 1-3<\/p>\n<p class=\"sansserif\">90403 N\u00fcrnberg<\/p>\n<p class=\"sansserif\">Tel\u00e9fono (+49)9 11 \/ 2 14 23 45<\/p>\n<p class=\"sansserif\"><a href=\"javascript:linkTo_UnCryptMailto('cGZsYXVtQGNpLXJvbWVyby5kZQ==');\">pflaum<span style=\"display: none;\">noSpam<\/span>@ci-romero.de<\/a><br \/>\n[\/vc_column_text][\/vc_column_inner][\/vc_row_inner][\/vc_column][vc_column width=\u00bb1\/6&#8243;][\/vc_column][\/vc_row][vc_row content_placement=\u00bbmiddle\u00bb][vc_column width=\u00bb1\/6&#8243; offset=\u00bbvc_hidden-sm vc_hidden-xs\u00bb][\/vc_column][vc_column width=\u00bb2\/3&#8243; offset=\u00bbvc_hidden-sm vc_hidden-xs\u00bb][vc_empty_space][vc_single_image source=\u00bbexternal_link\u00bb alignment=\u00bbcenter\u00bb css_animation=\u00bbfadeInUp\u00bb custom_src=\u00bbhttps:\/\/www.ci-romero.de\/es\/wp-content\/themes\/FGR\/_img\/cir-trenner-content.jpg\u00bb][\/vc_column][vc_column width=\u00bb1\/6&#8243; offset=\u00bbvc_hidden-sm vc_hidden-xs\u00bb][\/vc_column][\/vc_row]<\/div>\n","protected":false},"excerpt":{"rendered":"<p>[vc_row css=\u00bb.vc_custom_1522059164899{background-image: url(https:\/\/www.ci-romero.de\/es\/wp-content\/uploads\/2018\/03\/slider-bg-kritischer-konsum.jpg?id=361) !important;background-position: center !important;background-repeat: no-repeat !important;background-size: cover !important;}\u00bb el_class=\u00bbslider slider_kritischerkonsum center\u00bb][vc_column][vc_row_inner el_class=\u00bbinner\u00bb][vc_column_inner css=\u00bb.vc_custom_1521541984338{margin-top: 60px !important;}\u00bb][vc_column_text el_class=\u00bbwhite\u00bb] \u00abSu opini\u00f3n sobre nuestro trabajo es siempre bienvenida, as\u00ed como sus ideas y preguntas.\u00bb El equipo de la ICR[\/vc_column_text][\/vc_column_inner][\/vc_row_inner][\/vc_column][\/vc_row][vc_row gap=\u00bb35&#8243; css=\u00bb.vc_custom_1521737734832{margin-top: 40px !important;}\u00bb][vc_column width=\u00bb1\/6&#8243; offset=\u00bbvc_hidden-sm vc_hidden-xs\u00bb][\/vc_column][vc_column offset=\u00bbvc_col-lg-8 vc_col-md-8&#8243;][vc_row_inner][vc_column_inner][vc_column_text el_class=\u00bbcenter\u00bb] Contacto [\/vc_column_text][vc_column_text el_class=\u00bbcenter\u00bb] Si tienes alguna pregunta, no [&hellip;]<\/p>\n","protected":false},"author":121,"featured_media":0,"parent":0,"menu_order":0,"comment_status":"closed","ping_status":"closed","template":"","meta":{"_acf_changed":false,"footnotes":""},"class_list":["post-1010","page","type-page","status-publish","hentry"],"acf":[],"yoast_head":"<!-- This site is optimized with the Yoast SEO plugin v27.4 - https:\/\/yoast.com\/product\/yoast-seo-wordpress\/ -->\n<title>Contacto - Christliche Initiative Romero e.V. (CIR)<\/title>\n<meta name=\"robots\" content=\"index, follow, max-snippet:-1, max-image-preview:large, max-video-preview:-1\" \/>\n<link rel=\"canonical\" href=\"https:\/\/www.ci-romero.de\/es\/contacto\/\" \/>\n<meta property=\"og:locale\" content=\"es_ES\" \/>\n<meta property=\"og:type\" content=\"article\" \/>\n<meta property=\"og:title\" content=\"Contacto - Christliche Initiative Romero e.V. (CIR)\" \/>\n<meta property=\"og:description\" content=\"[vc_row css=\u00bb.vc_custom_1522059164899{background-image: url(https:\/\/www.ci-romero.de\/es\/wp-content\/uploads\/2018\/03\/slider-bg-kritischer-konsum.jpg?id=361) !important;background-position: center !important;background-repeat: no-repeat !important;background-size: cover !important;}\u00bb el_class=\u00bbslider slider_kritischerkonsum center\u00bb][vc_column][vc_row_inner el_class=\u00bbinner\u00bb][vc_column_inner css=\u00bb.vc_custom_1521541984338{margin-top: 60px !important;}\u00bb][vc_column_text el_class=\u00bbwhite\u00bb] \u00abSu opini\u00f3n sobre nuestro trabajo es siempre bienvenida, as\u00ed como sus ideas y preguntas.\u00bb El equipo de la ICR[\/vc_column_text][\/vc_column_inner][\/vc_row_inner][\/vc_column][\/vc_row][vc_row gap=\u00bb35&#8243; css=\u00bb.vc_custom_1521737734832{margin-top: 40px !important;}\u00bb][vc_column width=\u00bb1\/6&#8243; offset=\u00bbvc_hidden-sm vc_hidden-xs\u00bb][\/vc_column][vc_column offset=\u00bbvc_col-lg-8 vc_col-md-8&#8243;][vc_row_inner][vc_column_inner][vc_column_text el_class=\u00bbcenter\u00bb] Contacto [\/vc_column_text][vc_column_text el_class=\u00bbcenter\u00bb] Si tienes alguna pregunta, no [&hellip;]\" \/>\n<meta property=\"og:url\" content=\"https:\/\/www.ci-romero.de\/es\/contacto\/\" \/>\n<meta property=\"og:site_name\" content=\"Christliche Initiative Romero e.V. (CIR)\" \/>\n<meta property=\"article:modified_time\" content=\"2025-02-28T11:35:43+00:00\" \/>\n<meta name=\"twitter:card\" content=\"summary_large_image\" \/>\n<meta name=\"twitter:label1\" content=\"Tiempo de lectura\" \/>\n\t<meta name=\"twitter:data1\" content=\"2 minutos\" \/>\n<script type=\"application\/ld+json\" class=\"yoast-schema-graph\">{\"@context\":\"https:\\\/\\\/schema.org\",\"@graph\":[{\"@type\":\"WebPage\",\"@id\":\"https:\\\/\\\/www.ci-romero.de\\\/es\\\/contacto\\\/\",\"url\":\"https:\\\/\\\/www.ci-romero.de\\\/es\\\/contacto\\\/\",\"name\":\"Contacto - Christliche Initiative Romero e.V. (CIR)\",\"isPartOf\":{\"@id\":\"https:\\\/\\\/www.ci-romero.de\\\/es\\\/#website\"},\"datePublished\":\"2018-04-12T09:57:55+00:00\",\"dateModified\":\"2025-02-28T11:35:43+00:00\",\"breadcrumb\":{\"@id\":\"https:\\\/\\\/www.ci-romero.de\\\/es\\\/contacto\\\/#breadcrumb\"},\"inLanguage\":\"es\",\"potentialAction\":[{\"@type\":\"ReadAction\",\"target\":[\"https:\\\/\\\/www.ci-romero.de\\\/es\\\/contacto\\\/\"]}]},{\"@type\":\"BreadcrumbList\",\"@id\":\"https:\\\/\\\/www.ci-romero.de\\\/es\\\/contacto\\\/#breadcrumb\",\"itemListElement\":[{\"@type\":\"ListItem\",\"position\":1,\"name\":\"Home\",\"item\":\"https:\\\/\\\/www.ci-romero.de\\\/es\\\/\"},{\"@type\":\"ListItem\",\"position\":2,\"name\":\"Contacto\"}]},{\"@type\":\"WebSite\",\"@id\":\"https:\\\/\\\/www.ci-romero.de\\\/es\\\/#website\",\"url\":\"https:\\\/\\\/www.ci-romero.de\\\/es\\\/\",\"name\":\"Christliche Initiative Romero e.V. (CIR)\",\"description\":\"Eine Stimme f\u00fcr mehr Gerechtigkeit\",\"potentialAction\":[{\"@type\":\"SearchAction\",\"target\":{\"@type\":\"EntryPoint\",\"urlTemplate\":\"https:\\\/\\\/www.ci-romero.de\\\/es\\\/?s={search_term_string}\"},\"query-input\":{\"@type\":\"PropertyValueSpecification\",\"valueRequired\":true,\"valueName\":\"search_term_string\"}}],\"inLanguage\":\"es\"}]}<\/script>\n<!-- \/ Yoast SEO plugin. -->","yoast_head_json":{"title":"Contacto - Christliche Initiative Romero e.V. (CIR)","robots":{"index":"index","follow":"follow","max-snippet":"max-snippet:-1","max-image-preview":"max-image-preview:large","max-video-preview":"max-video-preview:-1"},"canonical":"https:\/\/www.ci-romero.de\/es\/contacto\/","og_locale":"es_ES","og_type":"article","og_title":"Contacto - Christliche Initiative Romero e.V. (CIR)","og_description":"[vc_row css=\u00bb.vc_custom_1522059164899{background-image: url(https:\/\/www.ci-romero.de\/es\/wp-content\/uploads\/2018\/03\/slider-bg-kritischer-konsum.jpg?id=361) !important;background-position: center !important;background-repeat: no-repeat !important;background-size: cover !important;}\u00bb el_class=\u00bbslider slider_kritischerkonsum center\u00bb][vc_column][vc_row_inner el_class=\u00bbinner\u00bb][vc_column_inner css=\u00bb.vc_custom_1521541984338{margin-top: 60px !important;}\u00bb][vc_column_text el_class=\u00bbwhite\u00bb] \u00abSu opini\u00f3n sobre nuestro trabajo es siempre bienvenida, as\u00ed como sus ideas y preguntas.\u00bb El equipo de la ICR[\/vc_column_text][\/vc_column_inner][\/vc_row_inner][\/vc_column][\/vc_row][vc_row gap=\u00bb35&#8243; css=\u00bb.vc_custom_1521737734832{margin-top: 40px !important;}\u00bb][vc_column width=\u00bb1\/6&#8243; offset=\u00bbvc_hidden-sm vc_hidden-xs\u00bb][\/vc_column][vc_column offset=\u00bbvc_col-lg-8 vc_col-md-8&#8243;][vc_row_inner][vc_column_inner][vc_column_text el_class=\u00bbcenter\u00bb] Contacto [\/vc_column_text][vc_column_text el_class=\u00bbcenter\u00bb] Si tienes alguna pregunta, no [&hellip;]","og_url":"https:\/\/www.ci-romero.de\/es\/contacto\/","og_site_name":"Christliche Initiative Romero e.V. (CIR)","article_modified_time":"2025-02-28T11:35:43+00:00","twitter_card":"summary_large_image","twitter_misc":{"Tiempo de lectura":"2 minutos"},"schema":{"@context":"https:\/\/schema.org","@graph":[{"@type":"WebPage","@id":"https:\/\/www.ci-romero.de\/es\/contacto\/","url":"https:\/\/www.ci-romero.de\/es\/contacto\/","name":"Contacto - Christliche Initiative Romero e.V. (CIR)","isPartOf":{"@id":"https:\/\/www.ci-romero.de\/es\/#website"},"datePublished":"2018-04-12T09:57:55+00:00","dateModified":"2025-02-28T11:35:43+00:00","breadcrumb":{"@id":"https:\/\/www.ci-romero.de\/es\/contacto\/#breadcrumb"},"inLanguage":"es","potentialAction":[{"@type":"ReadAction","target":["https:\/\/www.ci-romero.de\/es\/contacto\/"]}]},{"@type":"BreadcrumbList","@id":"https:\/\/www.ci-romero.de\/es\/contacto\/#breadcrumb","itemListElement":[{"@type":"ListItem","position":1,"name":"Home","item":"https:\/\/www.ci-romero.de\/es\/"},{"@type":"ListItem","position":2,"name":"Contacto"}]},{"@type":"WebSite","@id":"https:\/\/www.ci-romero.de\/es\/#website","url":"https:\/\/www.ci-romero.de\/es\/","name":"Christliche Initiative Romero e.V. (CIR)","description":"Eine Stimme f\u00fcr mehr Gerechtigkeit","potentialAction":[{"@type":"SearchAction","target":{"@type":"EntryPoint","urlTemplate":"https:\/\/www.ci-romero.de\/es\/?s={search_term_string}"},"query-input":{"@type":"PropertyValueSpecification","valueRequired":true,"valueName":"search_term_string"}}],"inLanguage":"es"}]}},"_links":{"self":[{"href":"https:\/\/www.ci-romero.de\/es\/wp-json\/wp\/v2\/pages\/1010","targetHints":{"allow":["GET"]}}],"collection":[{"href":"https:\/\/www.ci-romero.de\/es\/wp-json\/wp\/v2\/pages"}],"about":[{"href":"https:\/\/www.ci-romero.de\/es\/wp-json\/wp\/v2\/types\/page"}],"author":[{"embeddable":true,"href":"https:\/\/www.ci-romero.de\/es\/wp-json\/wp\/v2\/users\/121"}],"replies":[{"embeddable":true,"href":"https:\/\/www.ci-romero.de\/es\/wp-json\/wp\/v2\/comments?post=1010"}],"version-history":[{"count":2,"href":"https:\/\/www.ci-romero.de\/es\/wp-json\/wp\/v2\/pages\/1010\/revisions"}],"predecessor-version":[{"id":13086,"href":"https:\/\/www.ci-romero.de\/es\/wp-json\/wp\/v2\/pages\/1010\/revisions\/13086"}],"wp:attachment":[{"href":"https:\/\/www.ci-romero.de\/es\/wp-json\/wp\/v2\/media?parent=1010"}],"curies":[{"name":"wp","href":"https:\/\/api.w.org\/{rel}","templated":true}]}}