{"id":11940,"date":"2020-05-29T14:56:33","date_gmt":"2020-05-29T12:56:33","guid":{"rendered":"https:\/\/www.ci-romero.de\/es\/?page_id=11940"},"modified":"2025-02-28T12:49:30","modified_gmt":"2025-02-28T11:49:30","slug":"mision-vision","status":"publish","type":"page","link":"https:\/\/www.ci-romero.de\/es\/mision-vision\/","title":{"rendered":"Misi\u00f3n &#038; Visi\u00f3n"},"content":{"rendered":"<div class=\"wpb-content-wrapper\">[vc_row css=\u00bb.vc_custom_1527520718825{margin-bottom: 50px !important;background-image: url(https:\/\/www.ci-romero.de\/es\/wp-content\/uploads\/2018\/04\/slider-bg-menschenrechte.png?id=1424) !important;background-position: center !important;background-repeat: no-repeat !important;background-size: cover !important;}\u00bb el_class=\u00bbslider slider_menschenrechte center\u00bb][vc_column][vc_row_inner el_class=\u00bbinner\u00bb][vc_column_inner css=\u00bb.vc_custom_1521735651339{margin-top: 40px !important;}\u00bb][vc_column_text el_class=\u00bbwhite\u00bb]<\/p>\n<h1>Qui\u00e9nes somos<\/h1>\n<p>[\/vc_column_text][\/vc_column_inner][\/vc_row_inner][\/vc_column][\/vc_row][vc_row][vc_column width=\u00bb1\/6&#8243; offset=\u00bbvc_hidden-sm vc_hidden-xs\u00bb][\/vc_column][vc_column offset=\u00bbvc_col-lg-8 vc_col-md-8&#8243;][vc_row_inner el_class=\u00bbcenter\u00bb][vc_column_inner width=\u00bb1\/6&#8243; offset=\u00bbvc_hidden-xs\u00bb][\/vc_column_inner][vc_column_inner width=\u00bb2\/3&#8243; offset=\u00bbvc_col-lg-8 vc_col-md-8 vc_col-xs-12&#8243;][vc_column_text]<\/p>\n<h2>Lo que hacemos<\/h2>\n<p>[\/vc_column_text][vc_column_text el_class=\u00bbteaser\u00bb]Nuestra visi\u00f3n, nuestra misi\u00f3n[\/vc_column_text][\/vc_column_inner][vc_column_inner width=\u00bb1\/6&#8243; offset=\u00bbvc_hidden-xs\u00bb][\/vc_column_inner][\/vc_row_inner][\/vc_column][vc_column width=\u00bb1\/6&#8243; offset=\u00bbvc_hidden-sm vc_hidden-xs\u00bb][\/vc_column][\/vc_row][vc_row gap=\u00bb35&#8243; css=\u00bb.vc_custom_1521737734832{margin-top: 40px !important;}\u00bb][vc_column width=\u00bb1\/6&#8243; offset=\u00bbvc_hidden-sm vc_hidden-xs\u00bb][\/vc_column][vc_column offset=\u00bbvc_col-lg-8 vc_col-md-8&#8243;][vc_row_inner css=\u00bb.vc_custom_1521797801588{margin-top: 40px !important;}\u00bb][vc_column_inner][vc_column_text el_class=\u00bbcenter\u00bb]<\/p>\n<h5>Nuestra visi\u00f3n<\/h5>\n<p>[\/vc_column_text][\/vc_column_inner][\/vc_row_inner][vc_row_inner gap=\u00bb20&#8243;][vc_column_inner width=\u00bb1\/2&#8243; css=\u00bb.vc_custom_1521738593640{margin-top: 20px !important;}\u00bb][vc_single_image source=\u00bbexternal_link\u00bb alignment=\u00bbright\u00bb css_animation=\u00bbfadeInLeft\u00bb css=\u00bb.vc_custom_1521552268141{margin-top: -20px !important;}\u00bb custom_src=\u00bbhttps:\/\/www.ci-romero.de\/es\/wp-content\/themes\/FGR\/_img\/illu-pflanze.jpg\u00bb][\/vc_column_inner][vc_column_inner width=\u00bb1\/2&#8243;][vc_column_text]Nuestra visi\u00f3n es un mundo justo y solidario en que una buena calidad de vida sea posible para todos. Un mundo sin discriminaci\u00f3n ni violencia, que se fundamente en una sociedad diversa. El ser humano ser\u00eda el centro de un sistema econ\u00f3mico diferente que proporcione trabajo digno para todos, conservando los recursos naturales.[\/vc_column_text][\/vc_column_inner][\/vc_row_inner][\/vc_column][vc_column width=\u00bb1\/6&#8243; offset=\u00bbvc_hidden-sm vc_hidden-xs\u00bb][\/vc_column][\/vc_row][vc_row css=\u00bb.vc_custom_1521624325980{background-image: url(https:\/\/www.ci-romero.de\/es\/wp-content\/uploads\/2018\/03\/illu-background-beige.jpg?id=386) !important;background-position: 0 0 !important;background-repeat: no-repeat !important;}\u00bb el_class=\u00bbprojekt_beschreibung\u00bb][vc_column width=\u00bb1\/6&#8243; offset=\u00bbvc_hidden-sm vc_hidden-xs\u00bb][\/vc_column][vc_column el_class=\u00bbtransparenz\u00bb css=\u00bb.vc_custom_1522157704565{padding-top: 40px !important;}\u00bb offset=\u00bbvc_col-lg-8 vc_col-md-8&#8243;][vc_row_inner][vc_column_inner][vc_column_text el_class=\u00bbcenter\u00bb]<\/p>\n<h5>Nuestra misi\u00f3n<\/h5>\n<p>[\/vc_column_text][\/vc_column_inner][\/vc_row_inner][vc_row_inner gap=\u00bb35&#8243;][vc_column_inner el_class=\u00bbsticky\u00bb width=\u00bb1\/2&#8243; css=\u00bb.vc_custom_1522157708509{margin-top: 20px !important;}\u00bb][vc_single_image image=\u00bb3350&#8243; img_size=\u00bbfull\u00bb add_caption=\u00bbyes\u00bb][\/vc_column_inner][vc_column_inner el_class=\u00bbscala\u00bb width=\u00bb1\/2&#8243;][vc_column_text]La ICR dedica su labor a lograr un sistema econ\u00f3mico justo en el que todos puedan trabajar en condiciones dignas y en el que las empresas act\u00faen de forma social y ecol\u00f3gica.<\/p>\n<p>Apoyamos el trabajo independiente de nuestras organizaciones co-partes en Centroam\u00e9rica manteniendo con ellas una relaci\u00f3n igualitaria. Durante muchos a\u00f1os, con nuestro trabajo en algunos proyectos hemos contribuido con:<\/p>\n<ul>\n<li>un refuerzo pol\u00edtico de la sociedad civil<\/li>\n<li>unas condiciones laborales dignas<\/li>\n<li>la autodeterminaci\u00f3n de las mujeres<\/li>\n<li>el respeto y el reconocimiento de los ni\u00f1o\/as que trabajan<\/li>\n<li>el respeto y la autodeterminaci\u00f3n de la poblaci\u00f3n ind\u00edgena y rural<\/li>\n<li>la protecci\u00f3n del medio ambiente y del clima como tambi\u00e9n la agricultura sostenible.<\/li>\n<\/ul>\n<p>Con nuestro trabajo mediante campa\u00f1as y programas educativos fomentamos un cambio en la conciencia de la sociedad europea, as\u00ed como la movilizaci\u00f3n para realizar acciones pol\u00edticas que cambien las estructuras que generan injusticia.<\/p>\n<p>Animamos a los individuos, a la econom\u00eda, a la iglesia, a las instituciones, a la pol\u00edtica y a las autoridades, tanto estatales como regionales y municipales, a consumir de forma cr\u00edtica y a actuar de forma sostenible para crear un mundo habitable, tambi\u00e9n para las generaciones futuras.<br \/>\nEsto tambi\u00e9n es lo que pretendemos con nuestra propia actuaci\u00f3n.<\/p>\n<p>Nos comprometemos con una convivencia solidaria a nivel mundial y construimos un puente entre los pa\u00edses co-partes en Centroam\u00e9rica y Alemania.<\/p>\n<p>Luchamos contra cualquier forma de racismo y extrema derecha.<\/p>\n<p>Contribuimos a una sociedad en que la discriminaci\u00f3n de personas por su identidad de g\u00e9nero y orientaci\u00f3n sexual sea del pasado.[\/vc_column_text][vc_column_text][\/vc_column_text][\/vc_column_inner][\/vc_row_inner][\/vc_column][vc_column width=\u00bb1\/6&#8243; offset=\u00bbvc_hidden-sm vc_hidden-xs\u00bb][\/vc_column][\/vc_row][vc_row el_class=\u00bbwidth_full sticky_stopper\u00bb][vc_column width=\u00bb1\/2&#8243; css=\u00bb.vc_custom_1528485793860{margin-top: -130px !important;}\u00bb offset=\u00bbvc_hidden-sm vc_hidden-xs\u00bb][vc_single_image source=\u00bbexternal_link\u00bb alignment=\u00bbright\u00bb css_animation=\u00bbfadeInLeft\u00bb custom_src=\u00bbhttps:\/\/www.ci-romero.de\/es\/wp-content\/themes\/FGR\/_img\/illu-feld-bauer.png\u00bb][\/vc_column][vc_column width=\u00bb1\/2&#8243; offset=\u00bbvc_hidden-sm vc_hidden-xs\u00bb][\/vc_column][\/vc_row][vc_row][vc_column][vc_empty_space][vc_column_text el_class=\u00bbcenter\u00bb]<\/p>\n<div class=\"shariff shariff-align-center shariff-widget-align-flex-start\" style=\"display:none\" data-services=\"facebook\" data-url=\"https%3A%2F%2Fwww.ci-romero.de%2Fes%2Fmision-vision%2F\" data-timestamp=\"1740746970\" data-backendurl=\"https:\/\/www.ci-romero.de\/es\/wp-json\/shariff\/v1\/share_counts?\">\n<div class=\"ShariffHeadline\">\n<p>Beitrag jetzt teilen:<\/p>\n<\/div>\n<ul class=\"shariff-buttons theme-round orientation-horizontal buttonsize-medium\">\n<li class=\"shariff-button linkedin shariff-nocustomcolor\" style=\"background-color:#1488bf\"><a href=\"https:\/\/www.linkedin.com\/sharing\/share-offsite\/?url=https%3A%2F%2Fwww.ci-romero.de%2Fes%2Fmision-vision%2F\" title=\"Bei LinkedIn teilen\" aria-label=\"Bei LinkedIn teilen\" role=\"button\" rel=\"noopener nofollow\" class=\"shariff-link\" style=\"; background-color:#0077b5; color:#fff\" target=\"_blank\"><span class=\"shariff-icon\" style=\"\"><svg width=\"32px\" height=\"20px\" xmlns=\"http:\/\/www.w3.org\/2000\/svg\" viewBox=\"0 0 27 32\"><path fill=\"#0077b5\" d=\"M6.2 11.2v17.7h-5.9v-17.7h5.9zM6.6 5.7q0 1.3-0.9 2.2t-2.4 0.9h0q-1.5 0-2.4-0.9t-0.9-2.2 0.9-2.2 2.4-0.9 2.4 0.9 0.9 2.2zM27.4 18.7v10.1h-5.9v-9.5q0-1.9-0.7-2.9t-2.3-1.1q-1.1 0-1.9 0.6t-1.2 1.5q-0.2 0.5-0.2 1.4v9.9h-5.9q0-7.1 0-11.6t0-5.3l0-0.9h5.9v2.6h0q0.4-0.6 0.7-1t1-0.9 1.6-0.8 2-0.3q3 0 4.9 2t1.9 6z\"\/><\/svg><\/span><\/a><\/li>\n<li class=\"shariff-button twitter shariff-nocustomcolor\" style=\"background-color:#595959\"><a href=\"https:\/\/twitter.com\/share?url=https%3A%2F%2Fwww.ci-romero.de%2Fes%2Fmision-vision%2F&text=Misi%C3%B3n%20%26%20Visi%C3%B3n\" title=\"Bei X teilen\" aria-label=\"Bei X teilen\" role=\"button\" rel=\"noopener nofollow\" class=\"shariff-link\" style=\"; background-color:#000; color:#fff\" target=\"_blank\"><span class=\"shariff-icon\" style=\"\"><svg width=\"32px\" height=\"20px\" xmlns=\"http:\/\/www.w3.org\/2000\/svg\" viewBox=\"0 0 24 24\"><path fill=\"#000\" d=\"M14.258 10.152L23.176 0h-2.113l-7.747 8.813L7.133 0H0l9.352 13.328L0 23.973h2.113l8.176-9.309 6.531 9.309h7.133zm-2.895 3.293l-.949-1.328L2.875 1.56h3.246l6.086 8.523.945 1.328 7.91 11.078h-3.246zm0 0\"\/><\/svg><\/span><\/a><\/li>\n<li class=\"shariff-button facebook shariff-nocustomcolor\" style=\"background-color:#4273c8\"><a href=\"https:\/\/www.facebook.com\/sharer\/sharer.php?u=https%3A%2F%2Fwww.ci-romero.de%2Fes%2Fmision-vision%2F\" title=\"Bei Facebook teilen\" aria-label=\"Bei Facebook teilen\" role=\"button\" rel=\"nofollow\" class=\"shariff-link\" style=\"; background-color:#3b5998; color:#fff\" target=\"_blank\"><span class=\"shariff-icon\" style=\"\"><svg width=\"32px\" height=\"20px\" xmlns=\"http:\/\/www.w3.org\/2000\/svg\" viewBox=\"0 0 18 32\"><path fill=\"#3b5998\" d=\"M17.1 0.2v4.7h-2.8q-1.5 0-2.1 0.6t-0.5 1.9v3.4h5.2l-0.7 5.3h-4.5v13.6h-5.5v-13.6h-4.5v-5.3h4.5v-3.9q0-3.3 1.9-5.2t5-1.8q2.6 0 4.1 0.2z\"\/><\/svg><\/span><\/a><\/li>\n<li class=\"shariff-button xing shariff-nocustomcolor\" style=\"background-color:#29888a\"><a href=\"https:\/\/www.xing.com\/spi\/shares\/new?url=https%3A%2F%2Fwww.ci-romero.de%2Fes%2Fmision-vision%2F\" title=\"Bei XING teilen\" aria-label=\"Bei XING teilen\" role=\"button\" rel=\"noopener nofollow\" class=\"shariff-link\" style=\"; background-color:#126567; color:#fff\" target=\"_blank\"><span class=\"shariff-icon\" style=\"\"><svg width=\"32px\" height=\"20px\" xmlns=\"http:\/\/www.w3.org\/2000\/svg\" viewBox=\"0 0 25 32\"><path fill=\"#126567\" d=\"M10.7 11.9q-0.2 0.3-4.6 8.2-0.5 0.8-1.2 0.8h-4.3q-0.4 0-0.5-0.3t0-0.6l4.5-8q0 0 0 0l-2.9-5q-0.2-0.4 0-0.7 0.2-0.3 0.5-0.3h4.3q0.7 0 1.2 0.8zM25.1 0.4q0.2 0.3 0 0.7l-9.4 16.7 6 11q0.2 0.4 0 0.6-0.2 0.3-0.6 0.3h-4.3q-0.7 0-1.2-0.8l-6-11.1q0.3-0.6 9.5-16.8 0.4-0.8 1.2-0.8h4.3q0.4 0 0.5 0.3z\"\/><\/svg><\/span><\/a><\/li>\n<li class=\"shariff-button mailto shariff-nocustomcolor\" style=\"background-color:#a8a8a8\"><a href=\"mailto:?body=https%3A%2F%2Fwww.ci-romero.de%2Fes%2Fmision-vision%2F&subject=Misi%C3%B3n%20%26%20Visi%C3%B3n\" title=\"Per E-Mail versenden\" aria-label=\"Per E-Mail versenden\" role=\"button\" rel=\"noopener nofollow\" class=\"shariff-link\" style=\"; background-color:#999; color:#fff\"><span class=\"shariff-icon\" style=\"\"><svg width=\"32px\" height=\"20px\" xmlns=\"http:\/\/www.w3.org\/2000\/svg\" viewBox=\"0 0 32 32\"><path fill=\"#999\" d=\"M32 12.7v14.2q0 1.2-0.8 2t-2 0.9h-26.3q-1.2 0-2-0.9t-0.8-2v-14.2q0.8 0.9 1.8 1.6 6.5 4.4 8.9 6.1 1 0.8 1.6 1.2t1.7 0.9 2 0.4h0.1q0.9 0 2-0.4t1.7-0.9 1.6-1.2q3-2.2 8.9-6.1 1-0.7 1.8-1.6zM32 7.4q0 1.4-0.9 2.7t-2.2 2.2q-6.7 4.7-8.4 5.8-0.2 0.1-0.7 0.5t-1 0.7-0.9 0.6-1.1 0.5-0.9 0.2h-0.1q-0.4 0-0.9-0.2t-1.1-0.5-0.9-0.6-1-0.7-0.7-0.5q-1.6-1.1-4.7-3.2t-3.6-2.6q-1.1-0.7-2.1-2t-1-2.5q0-1.4 0.7-2.3t2.1-0.9h26.3q1.2 0 2 0.8t0.9 2z\"\/><\/svg><\/span><\/a><\/li>\n<li class=\"shariff-button whatsapp shariff-nocustomcolor\" style=\"background-color:#5cbe4a\"><a href=\"https:\/\/api.whatsapp.com\/send?text=https%3A%2F%2Fwww.ci-romero.de%2Fes%2Fmision-vision%2F%20Misi%C3%B3n%20%26%20Visi%C3%B3n\" title=\"Bei Whatsapp teilen\" aria-label=\"Bei Whatsapp teilen\" role=\"button\" rel=\"noopener nofollow\" class=\"shariff-link\" style=\"; background-color:#34af23; color:#fff\" target=\"_blank\"><span class=\"shariff-icon\" style=\"\"><svg width=\"32px\" height=\"20px\" xmlns=\"http:\/\/www.w3.org\/2000\/svg\" viewBox=\"0 0 32 32\"><path fill=\"#34af23\" d=\"M17.6 17.4q0.2 0 1.7 0.8t1.6 0.9q0 0.1 0 0.3 0 0.6-0.3 1.4-0.3 0.7-1.3 1.2t-1.8 0.5q-1 0-3.4-1.1-1.7-0.8-3-2.1t-2.6-3.3q-1.3-1.9-1.3-3.5v-0.1q0.1-1.6 1.3-2.8 0.4-0.4 0.9-0.4 0.1 0 0.3 0t0.3 0q0.3 0 0.5 0.1t0.3 0.5q0.1 0.4 0.6 1.6t0.4 1.3q0 0.4-0.6 1t-0.6 0.8q0 0.1 0.1 0.3 0.6 1.3 1.8 2.4 1 0.9 2.7 1.8 0.2 0.1 0.4 0.1 0.3 0 1-0.9t0.9-0.9zM14 26.9q2.3 0 4.3-0.9t3.6-2.4 2.4-3.6 0.9-4.3-0.9-4.3-2.4-3.6-3.6-2.4-4.3-0.9-4.3 0.9-3.6 2.4-2.4 3.6-0.9 4.3q0 3.6 2.1 6.6l-1.4 4.2 4.3-1.4q2.8 1.9 6.2 1.9zM14 2.2q2.7 0 5.2 1.1t4.3 2.9 2.9 4.3 1.1 5.2-1.1 5.2-2.9 4.3-4.3 2.9-5.2 1.1q-3.5 0-6.5-1.7l-7.4 2.4 2.4-7.2q-1.9-3.2-1.9-6.9 0-2.7 1.1-5.2t2.9-4.3 4.3-2.9 5.2-1.1z\"\/><\/svg><\/span><\/a><\/li>\n<li class=\"shariff-button telegram shariff-nocustomcolor\" style=\"background-color:#4084A6\"><a href=\"https:\/\/telegram.me\/share\/url?url=https%3A%2F%2Fwww.ci-romero.de%2Fes%2Fmision-vision%2F&text=Misi%C3%B3n%20%26%20Visi%C3%B3n\" title=\"Bei Telegram teilen\" aria-label=\"Bei Telegram teilen\" role=\"button\" rel=\"noopener nofollow\" class=\"shariff-link\" style=\"; background-color:#0088cc; color:#fff\" target=\"_blank\"><span class=\"shariff-icon\" style=\"\"><svg width=\"32px\" height=\"20px\" xmlns=\"http:\/\/www.w3.org\/2000\/svg\" viewBox=\"0 0 32 32\"><path fill=\"#0088cc\" d=\"M30.8 6.5l-4.5 21.4c-.3 1.5-1.2 1.9-2.5 1.2L16.9 24l-3.3 3.2c-.4.4-.7.7-1.4.7l.5-7L25.5 9.2c.6-.5-.1-.8-.9-.3l-15.8 10L2 16.7c-1.5-.5-1.5-1.5.3-2.2L28.9 4.3c1.3-.5 2.3.3 1.9 2.2z\"\/><\/svg><\/span><\/a><\/li>\n<li class=\"shariff-button threema shariff-nocustomcolor shariff-mobile\" style=\"background-color:#4fbc24\"><a href=\"threema:\/\/compose?text=Misi%C3%B3n%20%26%20Visi%C3%B3n%20https%3A%2F%2Fwww.ci-romero.de%2Fes%2Fmision-vision%2F\" title=\"Bei Threema teilen\" aria-label=\"Bei Threema teilen\" role=\"button\" rel=\"noopener nofollow\" class=\"shariff-link\" style=\"; background-color:#1f1f1f; color:#fff\" target=\"_blank\"><span class=\"shariff-icon\" style=\"\"><svg width=\"32px\" height=\"20px\" xmlns=\"http:\/\/www.w3.org\/2000\/svg\" viewBox=\"0 0 32 32\"><path fill=\"#1f1f1f\" d=\"M30.8 10.9c-0.3-1.4-0.9-2.6-1.8-3.8-2-2.6-5.5-4.5-9.4-5.2-1.3-0.2-1.9-0.3-3.5-0.3s-2.2 0-3.5 0.3c-4 0.7-7.4 2.6-9.4 5.2-0.9 1.2-1.5 2.4-1.8 3.8-0.1 0.5-0.2 1.2-0.2 1.6 0 0.4 0.1 1.1 0.2 1.6 0.4 1.9 1.3 3.4 2.9 5 0.8 0.8 0.8 0.8 0.7 1.3 0 0.6-0.5 1.6-1.7 3.6-0.3 0.5-0.5 0.9-0.5 0.9 0 0.1 0.1 0.1 0.5 0 0.8-0.2 2.3-0.6 5.6-1.6 1.1-0.3 1.3-0.4 2.3-0.4 0.8 0 1.1 0 2.3 0.2 1.5 0.2 3.5 0.2 4.9 0 5.1-0.6 9.3-2.9 11.4-6.3 0.5-0.9 0.9-1.8 1.1-2.8 0.1-0.5 0.2-1.1 0.2-1.6 0-0.7-0.1-1.1-0.2-1.6-0.3-1.4 0.1 0.5 0 0zM20.6 17.3c0 0.4-0.4 0.8-0.8 0.8h-7.7c-0.4 0-0.8-0.4-0.8-0.8v-4.6c0-0.4 0.4-0.8 0.8-0.8h0.2l0-1.6c0-0.9 0-1.8 0.1-2 0.1-0.6 0.6-1.2 1.1-1.7s1.1-0.7 1.9-0.8c1.8-0.3 3.7 0.7 4.2 2.2 0.1 0.3 0.1 0.7 0.1 2.1v0 1.7h0.1c0.4 0 0.8 0.4 0.8 0.8v4.6zM15.6 7.3c-0.5 0.1-0.8 0.3-1.2 0.6s-0.6 0.8-0.7 1.3c0 0.2 0 0.8 0 1.5l0 1.2h4.6v-1.3c0-1 0-1.4-0.1-1.6-0.3-1.1-1.5-1.9-2.6-1.7zM25.8 28.2c0 1.2-1 2.2-2.1 2.2s-2.1-1-2.1-2.1c0-1.2 1-2.1 2.2-2.1s2.2 1 2.2 2.2zM18.1 28.2c0 1.2-1 2.2-2.1 2.2s-2.1-1-2.1-2.1c0-1.2 1-2.1 2.2-2.1s2.2 1 2.2 2.2zM10.4 28.2c0 1.2-1 2.2-2.1 2.2s-2.1-1-2.1-2.1c0-1.2 1-2.1 2.2-2.1s2.2 1 2.2 2.2z\"\/><\/svg><\/span><\/a><\/li>\n<\/ul>\n<\/div>\n<p>[\/vc_column_text][vc_empty_space][\/vc_column][\/vc_row][vc_row css=\u00bb.vc_custom_1522077550122{background-image: url(https:\/\/www.ci-romero.de\/es\/wp-content\/uploads\/2018\/03\/illu-background-blau.jpg?id=665) !important;background-position: center !important;background-repeat: no-repeat !important;background-size: cover !important;}\u00bb][vc_column width=\u00bb1\/6&#8243; offset=\u00bbvc_hidden-sm vc_hidden-xs\u00bb][\/vc_column][vc_column offset=\u00bbvc_col-lg-8 vc_col-md-8&#8243;][vc_empty_space height=\u00bb128px\u00bb][vc_row_inner gap=\u00bb10&#8243; css=\u00bb.vc_custom_1522078865348{padding-right: 5px !important;padding-left: 5px !important;}\u00bb][vc_column_inner width=\u00bb1\/2&#8243;][vc_column_text el_class=\u00bbcenter\u00bb]<\/p>\n<h3>Equipo<\/h3>\n<p>[\/vc_column_text][vc_single_image image=\u00bb13076&#8243; img_size=\u00bbfull\u00bb add_caption=\u00bbyes\u00bb onclick=\u00bbcustom_link\u00bb css=\u00bb\u00bb link=\u00bbhttps:\/\/www.ci-romero.de\/es\/ueber-uns\/team\/\u00bb][vc_column_text css=\u00bb.vc_custom_1560418916620{padding-top: 15px !important;}\u00bb el_class=\u00bbgrid2er-horizontal\u00bb]<\/p>\n<h3><a href=\"https:\/\/www.ci-romero.de\/es\/ueber-uns\/team\/\">El equipo en la oficina de la ICR<\/a><\/h3>\n<h3><\/h3>\n<p>[\/vc_column_text][vc_column_text el_class=\u00bbpostgrid2er-horiz_text grid2er-horizontal\u00bb]<a href=\"#\">Las campa\u00f1as y proyectos de la ICR realiza el equipo con dedicaci\u00f3n exclusiva. Aqu\u00ed encuentra todos los miembros del equipo los datos de contacto y sus \u00e1reas de trabajo.<\/a>[\/vc_column_text][\/vc_column_inner][vc_column_inner width=\u00bb1\/2&#8243;][vc_column_text el_class=\u00bbcenter\u00bb]<\/p>\n<h3>Nuestros proyectos<\/h3>\n<p>[\/vc_column_text][vc_single_image image=\u00bb3051&#8243; img_size=\u00bbfull\u00bb add_caption=\u00bbyes\u00bb onclick=\u00bbcustom_link\u00bb css=\u00bb\u00bb link=\u00bbhttps:\/\/www.ci-romero.de\/es\/proyectos\/\u00bb][vc_column_text css=\u00bb.vc_custom_1588756765473{padding-top: 15px !important;}\u00bb el_class=\u00bbgrid2er-horizontal\u00bb]<\/p>\n<h3><a href=\"https:\/\/www.ci-romero.de\/es\/proyectos\/\">Nuestra visi\u00f3n, nuestra misi\u00f3n<\/a><\/h3>\n<h3><\/h3>\n<p>[\/vc_column_text][vc_column_text el_class=\u00bbpostgrid2er-horiz_text\u00bb]<a href=\"https:\/\/www.ci-romero.de\/es\/proyectos\/\">Nuestra visi\u00f3n es un mundo justo y solidario en el cual un buen vivir para todos es posible. C\u00faales son nuestros objetivos y m\u00e9todos concretos puede leer aqu\u00ed.<\/a>[\/vc_column_text][\/vc_column_inner][\/vc_row_inner][vc_empty_space][\/vc_column][vc_column width=\u00bb1\/6&#8243; offset=\u00bbvc_hidden-sm vc_hidden-xs\u00bb][\/vc_column][\/vc_row][vc_row][vc_column][\/vc_column][\/vc_row]<\/div>\n","protected":false},"excerpt":{"rendered":"<p>[vc_row css=\u00bb.vc_custom_1527520718825{margin-bottom: 50px !important;background-image: url(https:\/\/www.ci-romero.de\/es\/wp-content\/uploads\/2018\/04\/slider-bg-menschenrechte.png?id=1424) !important;background-position: center !important;background-repeat: no-repeat !important;background-size: cover !important;}\u00bb el_class=\u00bbslider slider_menschenrechte center\u00bb][vc_column][vc_row_inner el_class=\u00bbinner\u00bb][vc_column_inner css=\u00bb.vc_custom_1521735651339{margin-top: 40px !important;}\u00bb][vc_column_text el_class=\u00bbwhite\u00bb] Qui\u00e9nes somos [\/vc_column_text][\/vc_column_inner][\/vc_row_inner][\/vc_column][\/vc_row][vc_row][vc_column width=\u00bb1\/6&#8243; offset=\u00bbvc_hidden-sm vc_hidden-xs\u00bb][\/vc_column][vc_column offset=\u00bbvc_col-lg-8 vc_col-md-8&#8243;][vc_row_inner el_class=\u00bbcenter\u00bb][vc_column_inner width=\u00bb1\/6&#8243; offset=\u00bbvc_hidden-xs\u00bb][\/vc_column_inner][vc_column_inner width=\u00bb2\/3&#8243; offset=\u00bbvc_col-lg-8 vc_col-md-8 vc_col-xs-12&#8243;][vc_column_text] Lo que hacemos [\/vc_column_text][vc_column_text el_class=\u00bbteaser\u00bb]Nuestra visi\u00f3n, nuestra misi\u00f3n[\/vc_column_text][\/vc_column_inner][vc_column_inner width=\u00bb1\/6&#8243; offset=\u00bbvc_hidden-xs\u00bb][\/vc_column_inner][\/vc_row_inner][\/vc_column][vc_column width=\u00bb1\/6&#8243; offset=\u00bbvc_hidden-sm vc_hidden-xs\u00bb][\/vc_column][\/vc_row][vc_row gap=\u00bb35&#8243; css=\u00bb.vc_custom_1521737734832{margin-top: 40px !important;}\u00bb][vc_column width=\u00bb1\/6&#8243; offset=\u00bbvc_hidden-sm vc_hidden-xs\u00bb][\/vc_column][vc_column [&hellip;]<\/p>\n","protected":false},"author":121,"featured_media":0,"parent":0,"menu_order":0,"comment_status":"closed","ping_status":"closed","template":"","meta":{"_acf_changed":false,"footnotes":""},"class_list":["post-11940","page","type-page","status-publish","hentry"],"acf":[],"yoast_head":"<!-- This site is optimized with the Yoast SEO plugin v27.2 - https:\/\/yoast.com\/product\/yoast-seo-wordpress\/ -->\n<title>Unsere Mission, unsere Vision - Christliche Initiative Romero e.V.<\/title>\n<meta name=\"description\" content=\"Nuestra visi\u00f3n es un mundo justo y solidario en que un buen vivir para todos es posible.\" \/>\n<meta name=\"robots\" content=\"index, follow, max-snippet:-1, max-image-preview:large, max-video-preview:-1\" \/>\n<link rel=\"canonical\" href=\"https:\/\/www.ci-romero.de\/es\/mision-vision\/\" \/>\n<meta property=\"og:locale\" content=\"es_ES\" \/>\n<meta property=\"og:type\" content=\"article\" \/>\n<meta property=\"og:title\" content=\"Unsere Mission, unsere Vision - Christliche Initiative Romero e.V.\" \/>\n<meta property=\"og:description\" content=\"Nuestra visi\u00f3n es un mundo justo y solidario en que un buen vivir para todos es posible.\" \/>\n<meta property=\"og:url\" content=\"https:\/\/www.ci-romero.de\/es\/mision-vision\/\" \/>\n<meta property=\"og:site_name\" content=\"Christliche Initiative Romero e.V. (CIR)\" \/>\n<meta property=\"article:modified_time\" content=\"2025-02-28T11:49:30+00:00\" \/>\n<meta name=\"twitter:card\" content=\"summary_large_image\" \/>\n<meta name=\"twitter:label1\" content=\"Tiempo de lectura\" \/>\n\t<meta name=\"twitter:data1\" content=\"4 minutos\" \/>\n<script type=\"application\/ld+json\" class=\"yoast-schema-graph\">{\"@context\":\"https:\/\/schema.org\",\"@graph\":[{\"@type\":\"WebPage\",\"@id\":\"https:\/\/www.ci-romero.de\/es\/mision-vision\/\",\"url\":\"https:\/\/www.ci-romero.de\/es\/mision-vision\/\",\"name\":\"Unsere Mission, unsere Vision - Christliche Initiative Romero e.V.\",\"isPartOf\":{\"@id\":\"https:\/\/www.ci-romero.de\/es\/#website\"},\"datePublished\":\"2020-05-29T12:56:33+00:00\",\"dateModified\":\"2025-02-28T11:49:30+00:00\",\"description\":\"Nuestra visi\u00f3n es un mundo justo y solidario en que un buen vivir para todos es posible.\",\"breadcrumb\":{\"@id\":\"https:\/\/www.ci-romero.de\/es\/mision-vision\/#breadcrumb\"},\"inLanguage\":\"es\",\"potentialAction\":[{\"@type\":\"ReadAction\",\"target\":[\"https:\/\/www.ci-romero.de\/es\/mision-vision\/\"]}]},{\"@type\":\"BreadcrumbList\",\"@id\":\"https:\/\/www.ci-romero.de\/es\/mision-vision\/#breadcrumb\",\"itemListElement\":[{\"@type\":\"ListItem\",\"position\":1,\"name\":\"Home\",\"item\":\"https:\/\/www.ci-romero.de\/es\/\"},{\"@type\":\"ListItem\",\"position\":2,\"name\":\"Misi\u00f3n &#038; Visi\u00f3n\"}]},{\"@type\":\"WebSite\",\"@id\":\"https:\/\/www.ci-romero.de\/es\/#website\",\"url\":\"https:\/\/www.ci-romero.de\/es\/\",\"name\":\"Christliche Initiative Romero e.V. (CIR)\",\"description\":\"Eine Stimme f\u00fcr mehr Gerechtigkeit\",\"potentialAction\":[{\"@type\":\"SearchAction\",\"target\":{\"@type\":\"EntryPoint\",\"urlTemplate\":\"https:\/\/www.ci-romero.de\/es\/?s={search_term_string}\"},\"query-input\":{\"@type\":\"PropertyValueSpecification\",\"valueRequired\":true,\"valueName\":\"search_term_string\"}}],\"inLanguage\":\"es\"}]}<\/script>\n<!-- \/ Yoast SEO plugin. -->","yoast_head_json":{"title":"Unsere Mission, unsere Vision - Christliche Initiative Romero e.V.","description":"Nuestra visi\u00f3n es un mundo justo y solidario en que un buen vivir para todos es posible.","robots":{"index":"index","follow":"follow","max-snippet":"max-snippet:-1","max-image-preview":"max-image-preview:large","max-video-preview":"max-video-preview:-1"},"canonical":"https:\/\/www.ci-romero.de\/es\/mision-vision\/","og_locale":"es_ES","og_type":"article","og_title":"Unsere Mission, unsere Vision - Christliche Initiative Romero e.V.","og_description":"Nuestra visi\u00f3n es un mundo justo y solidario en que un buen vivir para todos es posible.","og_url":"https:\/\/www.ci-romero.de\/es\/mision-vision\/","og_site_name":"Christliche Initiative Romero e.V. (CIR)","article_modified_time":"2025-02-28T11:49:30+00:00","twitter_card":"summary_large_image","twitter_misc":{"Tiempo de lectura":"4 minutos"},"schema":{"@context":"https:\/\/schema.org","@graph":[{"@type":"WebPage","@id":"https:\/\/www.ci-romero.de\/es\/mision-vision\/","url":"https:\/\/www.ci-romero.de\/es\/mision-vision\/","name":"Unsere Mission, unsere Vision - Christliche Initiative Romero e.V.","isPartOf":{"@id":"https:\/\/www.ci-romero.de\/es\/#website"},"datePublished":"2020-05-29T12:56:33+00:00","dateModified":"2025-02-28T11:49:30+00:00","description":"Nuestra visi\u00f3n es un mundo justo y solidario en que un buen vivir para todos es posible.","breadcrumb":{"@id":"https:\/\/www.ci-romero.de\/es\/mision-vision\/#breadcrumb"},"inLanguage":"es","potentialAction":[{"@type":"ReadAction","target":["https:\/\/www.ci-romero.de\/es\/mision-vision\/"]}]},{"@type":"BreadcrumbList","@id":"https:\/\/www.ci-romero.de\/es\/mision-vision\/#breadcrumb","itemListElement":[{"@type":"ListItem","position":1,"name":"Home","item":"https:\/\/www.ci-romero.de\/es\/"},{"@type":"ListItem","position":2,"name":"Misi\u00f3n &#038; Visi\u00f3n"}]},{"@type":"WebSite","@id":"https:\/\/www.ci-romero.de\/es\/#website","url":"https:\/\/www.ci-romero.de\/es\/","name":"Christliche Initiative Romero e.V. (CIR)","description":"Eine Stimme f\u00fcr mehr Gerechtigkeit","potentialAction":[{"@type":"SearchAction","target":{"@type":"EntryPoint","urlTemplate":"https:\/\/www.ci-romero.de\/es\/?s={search_term_string}"},"query-input":{"@type":"PropertyValueSpecification","valueRequired":true,"valueName":"search_term_string"}}],"inLanguage":"es"}]}},"_links":{"self":[{"href":"https:\/\/www.ci-romero.de\/es\/wp-json\/wp\/v2\/pages\/11940","targetHints":{"allow":["GET"]}}],"collection":[{"href":"https:\/\/www.ci-romero.de\/es\/wp-json\/wp\/v2\/pages"}],"about":[{"href":"https:\/\/www.ci-romero.de\/es\/wp-json\/wp\/v2\/types\/page"}],"author":[{"embeddable":true,"href":"https:\/\/www.ci-romero.de\/es\/wp-json\/wp\/v2\/users\/121"}],"replies":[{"embeddable":true,"href":"https:\/\/www.ci-romero.de\/es\/wp-json\/wp\/v2\/comments?post=11940"}],"version-history":[{"count":4,"href":"https:\/\/www.ci-romero.de\/es\/wp-json\/wp\/v2\/pages\/11940\/revisions"}],"predecessor-version":[{"id":13093,"href":"https:\/\/www.ci-romero.de\/es\/wp-json\/wp\/v2\/pages\/11940\/revisions\/13093"}],"wp:attachment":[{"href":"https:\/\/www.ci-romero.de\/es\/wp-json\/wp\/v2\/media?parent=11940"}],"curies":[{"name":"wp","href":"https:\/\/api.w.org\/{rel}","templated":true}]}}