{"id":1195,"date":"2018-04-03T14:22:45","date_gmt":"2018-04-03T12:22:45","guid":{"rendered":"http:\/\/www.ci-romero.de\/?page_id=1195"},"modified":"2020-06-16T18:47:38","modified_gmt":"2020-06-16T16:47:38","slug":"imprint","status":"publish","type":"page","link":"https:\/\/www.ci-romero.de\/es\/imprint\/","title":{"rendered":"Aviso Legal"},"content":{"rendered":"<div class=\"wpb-content-wrapper\">[vc_row css=\u00bb.vc_custom_1527520718825{margin-bottom: 50px !important;background-image: url(https:\/\/www.ci-romero.de\/es\/wp-content\/uploads\/2018\/04\/slider-bg-menschenrechte.png?id=1424) !important;background-position: center !important;background-repeat: no-repeat !important;background-size: cover !important;}\u00bb el_class=\u00bbslider slider_menschenrechte center\u00bb][vc_column][vc_row_inner el_class=\u00bbinner\u00bb][vc_column_inner css=\u00bb.vc_custom_1521735651339{margin-top: 40px !important;}\u00bb][vc_column_text el_class=\u00bbwhite\u00bb]<\/p>\n<h1>Aviso Legal<\/h1>\n<p>[\/vc_column_text][\/vc_column_inner][\/vc_row_inner][\/vc_column][\/vc_row][vc_row css=\u00bb.vc_custom_1529220317802{background-position: 0 0 !important;background-repeat: no-repeat !important;}\u00bb el_class=\u00bbprojekt_beschreibung\u00bb][vc_column width=\u00bb1\/6&#8243; offset=\u00bbvc_hidden-sm vc_hidden-xs\u00bb][\/vc_column][vc_column el_class=\u00bbtransparenz\u00bb css=\u00bb.vc_custom_1522157704565{padding-top: 40px !important;}\u00bb offset=\u00bbvc_col-lg-8 vc_col-md-8&#8243;][vc_row_inner gap=\u00bb35&#8243;][vc_column_inner width=\u00bb1\/2&#8243; css=\u00bb.vc_custom_1529220355803{margin-top: 20px !important;}\u00bb][vc_single_image image=\u00bb1196&#8243; img_size=\u00bbmedium\u00bb add_caption=\u00bbyes\u00bb][vc_column_text el_class=\u00bbcenter\u00bb][\/vc_column_text][vc_column_text el_class=\u00bbcenter\u00bb][\/vc_column_text][\/vc_column_inner][vc_column_inner el_class=\u00bbscala\u00bb width=\u00bb1\/2&#8243;][vc_column_text]<\/p>\n<h4>Informaci\u00f3n seg\u00fan el \u00a7 5 TMG<\/h4>\n<p>Christliche Initiative Romero e.V. (CIR)<br \/>\nSchillerstra\u00dfe 44a<br \/>\n48155 M\u00fcnster<\/p>\n<h4>Representado por<\/h4>\n<p>Jefe ejecutivo: Thomas Br\u00f6cheler<\/p>\n<h4>Contacto<\/h4>\n<p>Tel\u00e9fono: 02 51 \/ 67 44 13 \u2013 0<br \/>\nTelefax: 02 51 \/ 67 44 13 \u2013 11<br \/>\nCorreo electr\u00f3nico: <a href=\"javascript:linkTo_UnCryptMailto('Y2lyQGNpLXJvbWVyby5kZQ==');\">cir<span style=\"display: none;\">noSpam<\/span>@ci-romero.de<\/a><\/p>\n<h4>Entrada de registro<\/h4>\n<p>Inscripci\u00f3n en el registro de asociaciones.<br \/>\nTribunal de registro: Amtsgericht M\u00fcnster<br \/>\nN\u00famero de registro: VR 2424<\/p>\n<h4>Impuesto sobre el valor a\u00f1adido<\/h4>\n<p>N\u00famero de identificaci\u00f3n a efectos del IVA seg\u00fan el \u00a727 de la ley de impuestos sobre las ventas: DE126111689<\/p>\n<h4>Responsable del contenido seg\u00fan \u00a7 55 Abs. 2 RStV<\/h4>\n<p>Thomas Br\u00f6cheler<br \/>\nChristliche Initiative Romero e.V. (CIR)<br \/>\nSchillerstra\u00dfe 44a<br \/>\n48155 M\u00fcnster<\/p>\n<h4>Resoluci\u00f3n de conflictos<\/h4>\n<p>La Comisi\u00f3n Europea ofrece una plataforma de resoluci\u00f3n de controversias en l\u00ednea: <a href=\"https:\/\/ec.europa.eu\/consumers\/odr\" target=\"_blank\" rel=\"noopener noreferrer\">https:\/\/ec.europa.eu\/consumers\/odr<\/a>.<br \/>\nEncontrar\u00e1 nuestra direcci\u00f3n de correo electr\u00f3nico en la parte superior de la impresi\u00f3n.<\/p>\n<p>No estamos dispuestos ni obligados a participar en los procedimientos de resoluci\u00f3n de controversias ante un \u00f3rgano de resoluci\u00f3n de controversias de consumidores.<\/p>\n<h4>Responsabilidad por el contenido<\/h4>\n<p>Como proveedor de servicios, somos responsables de nuestros propios contenidos en estas p\u00e1ginas de acuerdo con el \u00a7 7 p\u00e1rrafo 1 Telemediengesetz (Ley alemana de telemedios) y las leyes generales. De conformidad con los art\u00edculos 8 a 10 de la Ley alemana de telemedios, no estamos obligados a vigilar la informaci\u00f3n transmitida o almacenada de terceros ni a investigar las circunstancias que indiquen una actividad ilegal.<\/p>\n<p>Las obligaciones de eliminar o bloquear el uso de la informaci\u00f3n de acuerdo con las leyes generales no se ven afectadas por ello. Sin embargo, la responsabilidad a este respecto s\u00f3lo es posible a partir del momento en que se tiene conocimiento de una infracci\u00f3n concreta. Si tenemos conocimiento de alguna de estas infracciones legales, eliminaremos el contenido en cuesti\u00f3n inmediatamente.<\/p>\n<h4>Responsabilidad por los enlaces<\/h4>\n<p>Nuestra oferta contiene enlaces a p\u00e1ginas web externas de terceros, sobre cuyos<br \/>\ncontenidos no tenemos ninguna influencia. Por lo tanto, no podemos asumir ninguna responsabilidad por estos contenidos externos. El respectivo proveedor u operador de los sitios es siempre responsable de los contenidos de los sitios enlazados. Las p\u00e1ginas enlazadas fueron comprobadas para detectar posibles violaciones legales en el momento de la vinculaci\u00f3n. Los contenidos ilegales no se identificaron en el momento de la vinculaci\u00f3n.<\/p>\n<h4>Derecho de autor<\/h4>\n<p>Los contenidos y las obras de estas p\u00e1ginas creadas por los operadores del sitio est\u00e1n sujetos a la ley alemana de derechos de autor. La reproducci\u00f3n, edici\u00f3n, distribuci\u00f3n y cualquier tipo de uso fuera de los l\u00edmites de la ley de derechos de autor requieren el consentimiento por escrito del respectivo autor o creador. Las descargas y copias de estas p\u00e1ginas s\u00f3lo se permiten para uso privado y no comercial.<\/p>\n<p>En la medida en que el contenido de este sitio no haya sido creado por el operador, se respetan los derechos de autor de terceros. En particular, el contenido de terceros se identifica como tal. Si a pesar de ello, se entera de una infracci\u00f3n de derechos de autor, por favor inf\u00f3rmenos. Si nos enteramos de alguna infracci\u00f3n, eliminaremos ese contenido inmediatamente.[\/vc_column_text][vc_empty_space height=\u00bb20px\u00bb][vc_column_text]<\/p>\n<h5>Cuenta de donaciones<\/h5>\n<p>Darlehnskasse M\u00fcnster<br \/>\nIBAN: DE67 4006 0265 0003 1122 00<br \/>\nBIC: GENODEM1DKM[\/vc_column_text][vc_empty_space height=\u00bb20px\u00bb][vc_column_text]<\/p>\n<h5>Dise\u00f1o y concepci\u00f3n<\/h5>\n<p><a href=\"https:\/\/wigwam.im\/\" target=\"_blank\" rel=\"noopener noreferrer\">Wigwam eG, Berlin<\/a><br \/>\n<a href=\"https:\/\/barbarailse.wixsite.com\/barbarailse\" target=\"_blank\" rel=\"noopener noreferrer\">mit Illustrationen von Barbara Petzold Horna<\/a>[\/vc_column_text][vc_empty_space height=\u00bb20px\u00bb][vc_column_text]<\/p>\n<h5><a href=\"https:\/\/www.ci-romero.de\/es\/data-protection-privacy\/\">A nuestra pol\u00edtica de privacidad<\/a><\/h5>\n<p>[\/vc_column_text][\/vc_column_inner][\/vc_row_inner][\/vc_column][vc_column width=\u00bb1\/6&#8243; offset=\u00bbvc_hidden-sm vc_hidden-xs\u00bb][\/vc_column][\/vc_row]<\/p><\/div>\n","protected":false},"excerpt":{"rendered":"<p>[vc_row css=\u00bb.vc_custom_1527520718825{margin-bottom: 50px !important;background-image: url(https:\/\/www.ci-romero.de\/es\/wp-content\/uploads\/2018\/04\/slider-bg-menschenrechte.png?id=1424) !important;background-position: center !important;background-repeat: no-repeat !important;background-size: cover !important;}\u00bb el_class=\u00bbslider slider_menschenrechte center\u00bb][vc_column][vc_row_inner el_class=\u00bbinner\u00bb][vc_column_inner css=\u00bb.vc_custom_1521735651339{margin-top: 40px !important;}\u00bb][vc_column_text el_class=\u00bbwhite\u00bb] Aviso Legal [\/vc_column_text][\/vc_column_inner][\/vc_row_inner][\/vc_column][\/vc_row][vc_row css=\u00bb.vc_custom_1529220317802{background-position: 0 0 !important;background-repeat: no-repeat !important;}\u00bb el_class=\u00bbprojekt_beschreibung\u00bb][vc_column width=\u00bb1\/6&#8243; offset=\u00bbvc_hidden-sm vc_hidden-xs\u00bb][\/vc_column][vc_column el_class=\u00bbtransparenz\u00bb css=\u00bb.vc_custom_1522157704565{padding-top: 40px !important;}\u00bb offset=\u00bbvc_col-lg-8 vc_col-md-8&#8243;][vc_row_inner gap=\u00bb35&#8243;][vc_column_inner width=\u00bb1\/2&#8243; css=\u00bb.vc_custom_1529220355803{margin-top: 20px !important;}\u00bb][vc_single_image image=\u00bb1196&#8243; img_size=\u00bbmedium\u00bb add_caption=\u00bbyes\u00bb][vc_column_text el_class=\u00bbcenter\u00bb][\/vc_column_text][vc_column_text el_class=\u00bbcenter\u00bb][\/vc_column_text][\/vc_column_inner][vc_column_inner el_class=\u00bbscala\u00bb width=\u00bb1\/2&#8243;][vc_column_text] Informaci\u00f3n seg\u00fan el \u00a7 [&hellip;]<\/p>\n","protected":false},"author":121,"featured_media":0,"parent":0,"menu_order":0,"comment_status":"closed","ping_status":"closed","template":"","meta":{"_acf_changed":false,"footnotes":""},"class_list":["post-1195","page","type-page","status-publish","hentry"],"acf":[],"yoast_head":"<!-- This site is optimized with the Yoast SEO plugin v27.2 - https:\/\/yoast.com\/product\/yoast-seo-wordpress\/ -->\n<title>Aviso Legal - Christliche Initiative Romero e.V. (CIR)<\/title>\n<meta name=\"robots\" content=\"index, follow, max-snippet:-1, max-image-preview:large, max-video-preview:-1\" \/>\n<link rel=\"canonical\" href=\"https:\/\/www.ci-romero.de\/es\/imprint\/\" \/>\n<meta property=\"og:locale\" content=\"es_ES\" \/>\n<meta property=\"og:type\" content=\"article\" \/>\n<meta property=\"og:title\" content=\"Aviso Legal - Christliche Initiative Romero e.V. (CIR)\" \/>\n<meta property=\"og:description\" content=\"[vc_row css=\u00bb.vc_custom_1527520718825{margin-bottom: 50px !important;background-image: url(https:\/\/www.ci-romero.de\/es\/wp-content\/uploads\/2018\/04\/slider-bg-menschenrechte.png?id=1424) !important;background-position: center !important;background-repeat: no-repeat !important;background-size: cover !important;}\u00bb el_class=\u00bbslider slider_menschenrechte center\u00bb][vc_column][vc_row_inner el_class=\u00bbinner\u00bb][vc_column_inner css=\u00bb.vc_custom_1521735651339{margin-top: 40px !important;}\u00bb][vc_column_text el_class=\u00bbwhite\u00bb] Aviso Legal [\/vc_column_text][\/vc_column_inner][\/vc_row_inner][\/vc_column][\/vc_row][vc_row css=\u00bb.vc_custom_1529220317802{background-position: 0 0 !important;background-repeat: no-repeat !important;}\u00bb el_class=\u00bbprojekt_beschreibung\u00bb][vc_column width=\u00bb1\/6&#8243; offset=\u00bbvc_hidden-sm vc_hidden-xs\u00bb][\/vc_column][vc_column el_class=\u00bbtransparenz\u00bb css=\u00bb.vc_custom_1522157704565{padding-top: 40px !important;}\u00bb offset=\u00bbvc_col-lg-8 vc_col-md-8&#8243;][vc_row_inner gap=\u00bb35&#8243;][vc_column_inner width=\u00bb1\/2&#8243; css=\u00bb.vc_custom_1529220355803{margin-top: 20px !important;}\u00bb][vc_single_image image=\u00bb1196&#8243; img_size=\u00bbmedium\u00bb add_caption=\u00bbyes\u00bb][vc_column_text el_class=\u00bbcenter\u00bb][\/vc_column_text][vc_column_text el_class=\u00bbcenter\u00bb][\/vc_column_text][\/vc_column_inner][vc_column_inner el_class=\u00bbscala\u00bb width=\u00bb1\/2&#8243;][vc_column_text] Informaci\u00f3n seg\u00fan el \u00a7 [&hellip;]\" \/>\n<meta property=\"og:url\" content=\"https:\/\/www.ci-romero.de\/es\/imprint\/\" \/>\n<meta property=\"og:site_name\" content=\"Christliche Initiative Romero e.V. (CIR)\" \/>\n<meta property=\"article:modified_time\" content=\"2020-06-16T16:47:38+00:00\" \/>\n<meta name=\"twitter:card\" content=\"summary_large_image\" \/>\n<meta name=\"twitter:label1\" content=\"Tiempo de lectura\" \/>\n\t<meta name=\"twitter:data1\" content=\"4 minutos\" \/>\n<script type=\"application\/ld+json\" class=\"yoast-schema-graph\">{\"@context\":\"https:\/\/schema.org\",\"@graph\":[{\"@type\":\"WebPage\",\"@id\":\"https:\/\/www.ci-romero.de\/es\/imprint\/\",\"url\":\"https:\/\/www.ci-romero.de\/es\/imprint\/\",\"name\":\"Aviso Legal - Christliche Initiative Romero e.V. (CIR)\",\"isPartOf\":{\"@id\":\"https:\/\/www.ci-romero.de\/es\/#website\"},\"datePublished\":\"2018-04-03T12:22:45+00:00\",\"dateModified\":\"2020-06-16T16:47:38+00:00\",\"breadcrumb\":{\"@id\":\"https:\/\/www.ci-romero.de\/es\/imprint\/#breadcrumb\"},\"inLanguage\":\"es\",\"potentialAction\":[{\"@type\":\"ReadAction\",\"target\":[\"https:\/\/www.ci-romero.de\/es\/imprint\/\"]}]},{\"@type\":\"BreadcrumbList\",\"@id\":\"https:\/\/www.ci-romero.de\/es\/imprint\/#breadcrumb\",\"itemListElement\":[{\"@type\":\"ListItem\",\"position\":1,\"name\":\"Home\",\"item\":\"https:\/\/www.ci-romero.de\/es\/\"},{\"@type\":\"ListItem\",\"position\":2,\"name\":\"Aviso Legal\"}]},{\"@type\":\"WebSite\",\"@id\":\"https:\/\/www.ci-romero.de\/es\/#website\",\"url\":\"https:\/\/www.ci-romero.de\/es\/\",\"name\":\"Christliche Initiative Romero e.V. (CIR)\",\"description\":\"Eine Stimme f\u00fcr mehr Gerechtigkeit\",\"potentialAction\":[{\"@type\":\"SearchAction\",\"target\":{\"@type\":\"EntryPoint\",\"urlTemplate\":\"https:\/\/www.ci-romero.de\/es\/?s={search_term_string}\"},\"query-input\":{\"@type\":\"PropertyValueSpecification\",\"valueRequired\":true,\"valueName\":\"search_term_string\"}}],\"inLanguage\":\"es\"}]}<\/script>\n<!-- \/ Yoast SEO plugin. -->","yoast_head_json":{"title":"Aviso Legal - Christliche Initiative Romero e.V. (CIR)","robots":{"index":"index","follow":"follow","max-snippet":"max-snippet:-1","max-image-preview":"max-image-preview:large","max-video-preview":"max-video-preview:-1"},"canonical":"https:\/\/www.ci-romero.de\/es\/imprint\/","og_locale":"es_ES","og_type":"article","og_title":"Aviso Legal - Christliche Initiative Romero e.V. (CIR)","og_description":"[vc_row css=\u00bb.vc_custom_1527520718825{margin-bottom: 50px !important;background-image: url(https:\/\/www.ci-romero.de\/es\/wp-content\/uploads\/2018\/04\/slider-bg-menschenrechte.png?id=1424) !important;background-position: center !important;background-repeat: no-repeat !important;background-size: cover !important;}\u00bb el_class=\u00bbslider slider_menschenrechte center\u00bb][vc_column][vc_row_inner el_class=\u00bbinner\u00bb][vc_column_inner css=\u00bb.vc_custom_1521735651339{margin-top: 40px !important;}\u00bb][vc_column_text el_class=\u00bbwhite\u00bb] Aviso Legal [\/vc_column_text][\/vc_column_inner][\/vc_row_inner][\/vc_column][\/vc_row][vc_row css=\u00bb.vc_custom_1529220317802{background-position: 0 0 !important;background-repeat: no-repeat !important;}\u00bb el_class=\u00bbprojekt_beschreibung\u00bb][vc_column width=\u00bb1\/6&#8243; offset=\u00bbvc_hidden-sm vc_hidden-xs\u00bb][\/vc_column][vc_column el_class=\u00bbtransparenz\u00bb css=\u00bb.vc_custom_1522157704565{padding-top: 40px !important;}\u00bb offset=\u00bbvc_col-lg-8 vc_col-md-8&#8243;][vc_row_inner gap=\u00bb35&#8243;][vc_column_inner width=\u00bb1\/2&#8243; css=\u00bb.vc_custom_1529220355803{margin-top: 20px !important;}\u00bb][vc_single_image image=\u00bb1196&#8243; img_size=\u00bbmedium\u00bb add_caption=\u00bbyes\u00bb][vc_column_text el_class=\u00bbcenter\u00bb][\/vc_column_text][vc_column_text el_class=\u00bbcenter\u00bb][\/vc_column_text][\/vc_column_inner][vc_column_inner el_class=\u00bbscala\u00bb width=\u00bb1\/2&#8243;][vc_column_text] Informaci\u00f3n seg\u00fan el \u00a7 [&hellip;]","og_url":"https:\/\/www.ci-romero.de\/es\/imprint\/","og_site_name":"Christliche Initiative Romero e.V. (CIR)","article_modified_time":"2020-06-16T16:47:38+00:00","twitter_card":"summary_large_image","twitter_misc":{"Tiempo de lectura":"4 minutos"},"schema":{"@context":"https:\/\/schema.org","@graph":[{"@type":"WebPage","@id":"https:\/\/www.ci-romero.de\/es\/imprint\/","url":"https:\/\/www.ci-romero.de\/es\/imprint\/","name":"Aviso Legal - Christliche Initiative Romero e.V. (CIR)","isPartOf":{"@id":"https:\/\/www.ci-romero.de\/es\/#website"},"datePublished":"2018-04-03T12:22:45+00:00","dateModified":"2020-06-16T16:47:38+00:00","breadcrumb":{"@id":"https:\/\/www.ci-romero.de\/es\/imprint\/#breadcrumb"},"inLanguage":"es","potentialAction":[{"@type":"ReadAction","target":["https:\/\/www.ci-romero.de\/es\/imprint\/"]}]},{"@type":"BreadcrumbList","@id":"https:\/\/www.ci-romero.de\/es\/imprint\/#breadcrumb","itemListElement":[{"@type":"ListItem","position":1,"name":"Home","item":"https:\/\/www.ci-romero.de\/es\/"},{"@type":"ListItem","position":2,"name":"Aviso Legal"}]},{"@type":"WebSite","@id":"https:\/\/www.ci-romero.de\/es\/#website","url":"https:\/\/www.ci-romero.de\/es\/","name":"Christliche Initiative Romero e.V. (CIR)","description":"Eine Stimme f\u00fcr mehr Gerechtigkeit","potentialAction":[{"@type":"SearchAction","target":{"@type":"EntryPoint","urlTemplate":"https:\/\/www.ci-romero.de\/es\/?s={search_term_string}"},"query-input":{"@type":"PropertyValueSpecification","valueRequired":true,"valueName":"search_term_string"}}],"inLanguage":"es"}]}},"_links":{"self":[{"href":"https:\/\/www.ci-romero.de\/es\/wp-json\/wp\/v2\/pages\/1195","targetHints":{"allow":["GET"]}}],"collection":[{"href":"https:\/\/www.ci-romero.de\/es\/wp-json\/wp\/v2\/pages"}],"about":[{"href":"https:\/\/www.ci-romero.de\/es\/wp-json\/wp\/v2\/types\/page"}],"author":[{"embeddable":true,"href":"https:\/\/www.ci-romero.de\/es\/wp-json\/wp\/v2\/users\/121"}],"replies":[{"embeddable":true,"href":"https:\/\/www.ci-romero.de\/es\/wp-json\/wp\/v2\/comments?post=1195"}],"version-history":[{"count":0,"href":"https:\/\/www.ci-romero.de\/es\/wp-json\/wp\/v2\/pages\/1195\/revisions"}],"wp:attachment":[{"href":"https:\/\/www.ci-romero.de\/es\/wp-json\/wp\/v2\/media?parent=1195"}],"curies":[{"name":"wp","href":"https:\/\/api.w.org\/{rel}","templated":true}]}}