{"id":12547,"date":"2020-05-29T14:14:47","date_gmt":"2020-05-29T12:14:47","guid":{"rendered":"https:\/\/www.ci-romero.de\/es\/?page_id=12547"},"modified":"2022-05-12T17:54:53","modified_gmt":"2022-05-12T15:54:53","slug":"proyectos","status":"publish","type":"page","link":"https:\/\/www.ci-romero.de\/es\/proyectos\/","title":{"rendered":"Proyectos"},"content":{"rendered":"<div class=\"wpb-content-wrapper\">[vc_row css=\u00bb.vc_custom_1527520718825{margin-bottom: 50px !important;background-image: url(https:\/\/www.ci-romero.de\/es\/wp-content\/uploads\/2018\/04\/slider-bg-menschenrechte.png?id=1424) !important;background-position: center !important;background-repeat: no-repeat !important;background-size: cover !important;}\u00bb el_class=\u00bbslider slider_menschenrechte center\u00bb][vc_column][vc_row_inner el_class=\u00bbinner\u00bb][vc_column_inner css=\u00bb.vc_custom_1521735651339{margin-top: 40px !important;}\u00bb][vc_column_text el_class=\u00bbwhite\u00bb]<\/p>\n<h1>Proyectos<\/h1>\n<p>[\/vc_column_text][\/vc_column_inner][\/vc_row_inner][\/vc_column][\/vc_row][vc_row css=\u00bb.vc_custom_1522077550122{background-image: url(https:\/\/www.ci-romero.de\/es\/wp-content\/uploads\/2018\/03\/illu-background-blau.jpg?id=665) !important;background-position: center !important;background-repeat: no-repeat !important;background-size: cover !important;}\u00bb][vc_column width=\u00bb1\/6&#8243; offset=\u00bbvc_hidden-sm vc_hidden-xs\u00bb][\/vc_column][vc_column offset=\u00bbvc_col-lg-8 vc_col-md-8&#8243;][vc_empty_space][vc_row_inner][vc_column_inner el_class=\u00bbcenter\u00bb][vc_column_text]<\/p>\n<h2>Nuestros proyectos en Centroam\u00e9rica<\/h2>\n<p>[\/vc_column_text][vc_empty_space height=\u00bb64px\u00bb][\/vc_column_inner][\/vc_row_inner][vc_row_inner gap=\u00bb10&#8243; css=\u00bb.vc_custom_1522078865348{padding-right: 5px !important;padding-left: 5px !important;}\u00bb][vc_column_inner width=\u00bb1\/2&#8243;][vc_column_text css=\u00bb.vc_custom_1590754310949{padding-top: 15px !important;}\u00bb el_class=\u00bbgrid2er-horizontal\u00bb]<\/p>\n<h3 style=\"text-align: center;\"><a href=\"https:\/\/www.ci-romero.de\/es\/elsalvador\/\"><strong>El Salvador<\/strong><\/a><\/h3>\n<p>[\/vc_column_text][vc_single_image image=\u00bb7245&#8243; img_size=\u00bbfull\u00bb add_caption=\u00bbyes\u00bb onclick=\u00bbcustom_link\u00bb link=\u00bbhttps:\/\/www.ci-romero.de\/es\/elsalvador\/\u00bb][\/vc_column_inner][\/vc_row_inner][vc_empty_space height=\u00bb64px\u00bb][vc_row_inner gap=\u00bb10&#8243; css=\u00bb.vc_custom_1522078865348{padding-right: 5px !important;padding-left: 5px !important;}\u00bb][vc_column_inner width=\u00bb1\/2&#8243;][vc_column_text css=\u00bb.vc_custom_1587292148578{padding-top: 15px !important;}\u00bb el_class=\u00bbgrid2er-horizontal\u00bb]<\/p>\n<h3 style=\"text-align: center;\"><a href=\"https:\/\/www.ci-romero.de\/es\/guatemala\/\"><strong>Guatemala<\/strong><\/a><\/h3>\n<p>[\/vc_column_text][vc_single_image image=\u00bb1388&#8243; img_size=\u00bbfull\u00bb add_caption=\u00bbyes\u00bb onclick=\u00bbcustom_link\u00bb link=\u00bbhttps:\/\/www.ci-romero.de\/es\/guatemala\/\u00bb][\/vc_column_inner][vc_column_inner width=\u00bb1\/2&#8243;][vc_column_text css=\u00bb.vc_custom_1587292161580{padding-top: 15px !important;}\u00bb el_class=\u00bbgrid2er-horizontal\u00bb]<\/p>\n<h3 style=\"text-align: center;\"><a href=\"https:\/\/www.ci-romero.de\/es\/honduras\/\"><strong>Honduras<\/strong><\/a><\/h3>\n<p>[\/vc_column_text][vc_single_image image=\u00bb1447&#8243; img_size=\u00bbfull\u00bb add_caption=\u00bbyes\u00bb onclick=\u00bbcustom_link\u00bb link=\u00bbhttps:\/\/www.ci-romero.de\/es\/honduras\/\u00bb][\/vc_column_inner][\/vc_row_inner][vc_empty_space height=\u00bb64px\u00bb][\/vc_column][vc_column width=\u00bb1\/6&#8243; offset=\u00bbvc_hidden-sm vc_hidden-xs\u00bb][\/vc_column][\/vc_row][vc_row disable_element=\u00bbyes\u00bb css=\u00bb.vc_custom_1651740970009{background-image: url(https:\/\/www.ci-romero.de\/es\/wp-content\/uploads\/2018\/03\/illu-background-blau.jpg?id=665) !important;background-position: center !important;background-repeat: no-repeat !important;background-size: cover !important;}\u00bb][vc_column width=\u00bb1\/6&#8243; offset=\u00bbvc_hidden-sm vc_hidden-xs\u00bb][\/vc_column][vc_column offset=\u00bbvc_col-lg-8 vc_col-md-8&#8243;][vc_empty_space][vc_row_inner][vc_column_inner el_class=\u00bbcenter\u00bb][vc_column_text]<\/p>\n<h2>Nuestros proyectos en Centroam\u00e9rica<\/h2>\n<p>[\/vc_column_text][vc_empty_space height=\u00bb64px\u00bb][\/vc_column_inner][\/vc_row_inner][vc_row_inner gap=\u00bb10&#8243; css=\u00bb.vc_custom_1522078865348{padding-right: 5px !important;padding-left: 5px !important;}\u00bb][vc_column_inner width=\u00bb1\/2&#8243;][vc_column_text css=\u00bb.vc_custom_1590754310949{padding-top: 15px !important;}\u00bb el_class=\u00bbgrid2er-horizontal\u00bb]<\/p>\n<h3 style=\"text-align: center;\"><a href=\"https:\/\/www.ci-romero.de\/es\/elsalvador\/\"><strong>El Salvador<\/strong><\/a><\/h3>\n<p>[\/vc_column_text][vc_single_image image=\u00bb7245&#8243; img_size=\u00bbfull\u00bb add_caption=\u00bbyes\u00bb onclick=\u00bbcustom_link\u00bb link=\u00bbhttps:\/\/www.ci-romero.de\/es\/elsalvador\/\u00bb][\/vc_column_inner][vc_column_inner width=\u00bb1\/2&#8243;][vc_column_text css=\u00bb.vc_custom_1651740956973{padding-top: 15px !important;}\u00bb el_class=\u00bbgrid2er-horizontal\u00bb]<\/p>\n<h3><a href=\"https:\/\/www.ci-romero.de\/es\/nicaragua\/\" target=\"_blank\" rel=\"noopener\"><strong>Nicaragua<\/strong><\/a><\/h3>\n<p>[\/vc_column_text][vc_single_image image=\u00bb2670&#8243; img_size=\u00bbfull\u00bb add_caption=\u00bbyes\u00bb onclick=\u00bbcustom_link\u00bb link=\u00bbhttps:\/\/www.ci-romero.de\/es\/nicaragua\/\u00bb][\/vc_column_inner][\/vc_row_inner][vc_empty_space height=\u00bb64px\u00bb][vc_row_inner gap=\u00bb10&#8243; css=\u00bb.vc_custom_1522078865348{padding-right: 5px !important;padding-left: 5px !important;}\u00bb][vc_column_inner width=\u00bb1\/2&#8243;][vc_column_text css=\u00bb.vc_custom_1587292148578{padding-top: 15px !important;}\u00bb el_class=\u00bbgrid2er-horizontal\u00bb]<\/p>\n<h3 style=\"text-align: center;\"><a href=\"https:\/\/www.ci-romero.de\/es\/guatemala\/\"><strong>Guatemala<\/strong><\/a><\/h3>\n<p>[\/vc_column_text][vc_single_image image=\u00bb1388&#8243; img_size=\u00bbfull\u00bb add_caption=\u00bbyes\u00bb onclick=\u00bbcustom_link\u00bb link=\u00bbhttps:\/\/www.ci-romero.de\/es\/guatemala\/\u00bb][\/vc_column_inner][vc_column_inner width=\u00bb1\/2&#8243;][vc_column_text css=\u00bb.vc_custom_1587292161580{padding-top: 15px !important;}\u00bb el_class=\u00bbgrid2er-horizontal\u00bb]<\/p>\n<h3 style=\"text-align: center;\"><a href=\"https:\/\/www.ci-romero.de\/es\/honduras\/\"><strong>Honduras<\/strong><\/a><\/h3>\n<p>[\/vc_column_text][vc_single_image image=\u00bb1447&#8243; img_size=\u00bbfull\u00bb add_caption=\u00bbyes\u00bb onclick=\u00bbcustom_link\u00bb link=\u00bbhttps:\/\/www.ci-romero.de\/es\/honduras\/\u00bb][\/vc_column_inner][\/vc_row_inner][vc_empty_space height=\u00bb64px\u00bb][\/vc_column][vc_column width=\u00bb1\/6&#8243; offset=\u00bbvc_hidden-sm vc_hidden-xs\u00bb][\/vc_column][\/vc_row][vc_row disable_element=\u00bbyes\u00bb css=\u00bb.vc_custom_1651740719598{margin-top: 85px !important;margin-bottom: 0px !important;padding-bottom: 0px !important;background-image: url(https:\/\/www.ci-romero.de\/es\/wp-content\/uploads\/2018\/04\/Spendenbox-CIR-1.jpg?id=2108) !important;background-position: center !important;background-repeat: no-repeat !important;background-size: contain !important;}\u00bb el_class=\u00bbspendenbox\u00bb][vc_column width=\u00bb1\/12&#8243;][\/vc_column][vc_column width=\u00bb5\/6&#8243;][vc_row_inner content_placement=\u00bbmiddle\u00bb css=\u00bb.vc_custom_1526636585883{margin-right: 1px !important;margin-left: 1px !important;background-position: center !important;background-repeat: no-repeat !important;background-size: cover !important;}\u00bb][vc_column_inner css=\u00bb.vc_custom_1521138814166{padding-right: 6px !important;padding-left: 6px !important;}\u00bb][vc_column_text css=\u00bb.vc_custom_1586434011796{padding-top: 25px !important;padding-bottom: 30px !important;}\u00bb el_class=\u00bbcenter\u00bb]<\/p>\n<h3><span class=\"ILfuVd\"><span class=\"e24Kjd\">\u00a1<\/span><\/span>Apoya el trabajo de la CIR y de sus organizaciones copartes en Centroam\u00e9rica!<\/h3>\n<p>[\/vc_column_text][\/vc_column_inner][\/vc_row_inner][vc_row_inner][vc_column_inner width=\u00bb1\/4&#8243;][\/vc_column_inner][vc_column_inner el_class=\u00bbcenter\u00bb width=\u00bb1\/2&#8243;][vc_column_text]<small>Realizamos proyectos con organizaciones co-partes en El Salvador, Honduras, Nicaragua y Guatemala. Con nuestros materiales educativos y nuestras campa\u00f1as tendemos un puente entre Centroam\u00e9rica y Alemania.<\/small>[\/vc_column_text][vc_column_text]<\/p>\n<div class=\"shortened_begin2\">Les invitamos a contribuir con una donaci\u00f3n.<\/div>\n<p>[\/vc_column_text][\/vc_column_inner][vc_column_inner width=\u00bb1\/4&#8243;][\/vc_column_inner][\/vc_row_inner][vc_row_inner el_class=\u00bbmobil-margin-top-off\u00bb][vc_column_inner width=\u00bb1\/3&#8243; offset=\u00bbvc_hidden-xs\u00bb][vc_column_text el_class=\u00bbcenter siegel-box\u00bb]<\/p>\n<p style=\"text-align: right;\"><a href=\"http:\/\/www.dzi.de\/spenderberatung\/datenbanksuchmaske\/suchergebnisse\/?11261\"><img loading=\"lazy\" decoding=\"async\" class=\"alignright size-full wp-image-1039\" style=\"float: right; margin-left: 10px;\" src=\"https:\/\/www.ci-romero.de\/es\/wp-content\/uploads\/2018\/03\/dzi-spendensiegel.png\" alt=\"DZI Spendensiegel\" width=\"55\" height=\"84\" \/><small>La fundaci\u00f3n DZI certifica a la CIR un manejo responsable con los fondos donados.<\/small><\/a><br \/>\n[\/vc_column_text][\/vc_column_inner][vc_column_inner width=\u00bb1\/3&#8243;][vc_column_text el_class=\u00bbcenter\u00bb]<a class=\"btn_red\" href=\"https:\/\/www.ci-romero.de\/es\/donacion\/\">Donar ahora<\/a>[\/vc_column_text][\/vc_column_inner][vc_column_inner width=\u00bb1\/3&#8243;][vc_column_text el_class=\u00bbcenter\u00bb]<\/p>\n<p>[\/vc_column_text][vc_column_text]<\/p>\n<p class=\"center\"><a class=\"btn_petrol\" href=\"https:\/\/www.ci-romero.de\/es\/donacion\/\">Donar recurrentemente<\/a><br \/>\n[\/vc_column_text][\/vc_column_inner][\/vc_row_inner][vc_row_inner][vc_column_inner width=\u00bb1\/6&#8243;][\/vc_column_inner][vc_column_inner width=\u00bb2\/3&#8243;][vc_empty_space height=\u00bb54px\u00bb][\/vc_column_inner][vc_column_inner width=\u00bb1\/6&#8243;][\/vc_column_inner][\/vc_row_inner][\/vc_column][vc_column width=\u00bb1\/12&#8243;][\/vc_column][\/vc_row][vc_row][vc_column]<\/p>\n<div class=\"templatera_shortcode\">\n<div class=\"vc_row wpb_row vc_row-fluid vc_custom_1530553823727\">\n<div class=\"wpb_column vc_column_container vc_col-sm-2 vc_hidden-sm vc_hidden-xs\">\n<div class=\"vc_column-inner\">\n<div class=\"wpb_wrapper\"><\/div>\n<\/div>\n<\/div>\n<div class=\"wpb_column vc_column_container vc_col-sm-12 vc_col-lg-8 vc_col-md-8\">\n<div class=\"vc_column-inner\">\n<div class=\"wpb_wrapper\">\n<div class=\"vc_row wpb_row vc_inner vc_row-fluid vc_custom_1587647971190 vc_row-has-fill vc_row-o-content-top vc_row-flex\">\n<div class=\"center wpb_column vc_column_container vc_col-sm-12 vc_col-lg-12 vc_col-md-12\">\n<div class=\"vc_column-inner\">\n<div class=\"wpb_wrapper\">\n<div class=\"wpb_text_column wpb_content_element ansprechpartner\" >\n<div class=\"wpb_wrapper\">\n<p class=\"center\"><strong>Para m\u00e1s informaci\u00f3n contacte a:<\/strong><\/p>\n<p class=\"small\">Nuestra oficina en M\u00fcnster<br \/>\n<a href=\"javascript:linkTo_UnCryptMailto('Y2lyQGNpLXJvbWVyby5kZQ==');\">cir<span style=\"display: none;\">noSpam<\/span>@ci-romero.de<\/a><br \/>\nTel\u00e9fono: 0251 - 674413-0<\/p>\n<\/p><\/div>\n<\/p><\/div>\n<\/div>\n<\/div>\n<\/div>\n<\/div>\n<\/div>\n<\/div>\n<\/div>\n<div class=\"wpb_column vc_column_container vc_col-sm-2 vc_hidden-sm vc_hidden-xs\">\n<div class=\"vc_column-inner\">\n<div class=\"wpb_wrapper\"><\/div>\n<\/div>\n<\/div>\n<\/div>\n<\/div>\n<p>[\/vc_column][\/vc_row]<\/p><\/div>\n","protected":false},"excerpt":{"rendered":"Para m\u00e1s informaci\u00f3n contacte a: Nuestra oficina en M\u00fcnster cirnoSpam@ci-romero.de Tel\u00e9fono: 0251 - 674413-0","protected":false},"author":121,"featured_media":0,"parent":0,"menu_order":0,"comment_status":"closed","ping_status":"closed","template":"","meta":{"_acf_changed":false,"footnotes":""},"class_list":["post-12547","page","type-page","status-publish","hentry"],"acf":[],"yoast_head":"<!-- This site is optimized with the Yoast SEO plugin v27.4 - https:\/\/yoast.com\/product\/yoast-seo-wordpress\/ -->\n<title>Derechos Humanos | Estos son los temas centrales de la CIR<\/title>\n<meta name=\"description\" content=\"El respeto de los Derechos Humanos forma la base para el buen vivir y una vida en dignidad para todos.\" \/>\n<meta name=\"robots\" content=\"index, follow, max-snippet:-1, max-image-preview:large, max-video-preview:-1\" \/>\n<link rel=\"canonical\" href=\"https:\/\/www.ci-romero.de\/es\/proyectos\/\" \/>\n<meta property=\"og:locale\" content=\"es_ES\" \/>\n<meta property=\"og:type\" content=\"article\" \/>\n<meta property=\"og:title\" content=\"Derechos Humanos | Estos son los temas centrales de la CIR\" \/>\n<meta property=\"og:description\" content=\"El respeto de los Derechos Humanos forma la base para el buen vivir y una vida en dignidad para todos.\" \/>\n<meta property=\"og:url\" content=\"https:\/\/www.ci-romero.de\/es\/proyectos\/\" \/>\n<meta property=\"og:site_name\" content=\"Christliche Initiative Romero e.V. (CIR)\" \/>\n<meta property=\"article:modified_time\" content=\"2022-05-12T15:54:53+00:00\" \/>\n<meta property=\"og:image\" content=\"https:\/\/www.ci-romero.de\/es\/wp-content\/uploads\/2018\/03\/dzi-spendensiegel.png\" \/>\n<meta name=\"twitter:card\" content=\"summary_large_image\" \/>\n<meta name=\"twitter:label1\" content=\"Tiempo de lectura\" \/>\n\t<meta name=\"twitter:data1\" content=\"2 minutos\" \/>\n<script type=\"application\/ld+json\" class=\"yoast-schema-graph\">{\"@context\":\"https:\\\/\\\/schema.org\",\"@graph\":[{\"@type\":\"WebPage\",\"@id\":\"https:\\\/\\\/www.ci-romero.de\\\/es\\\/proyectos\\\/\",\"url\":\"https:\\\/\\\/www.ci-romero.de\\\/es\\\/proyectos\\\/\",\"name\":\"Derechos Humanos | Estos son los temas centrales de la CIR\",\"isPartOf\":{\"@id\":\"https:\\\/\\\/www.ci-romero.de\\\/es\\\/#website\"},\"primaryImageOfPage\":{\"@id\":\"https:\\\/\\\/www.ci-romero.de\\\/es\\\/proyectos\\\/#primaryimage\"},\"image\":{\"@id\":\"https:\\\/\\\/www.ci-romero.de\\\/es\\\/proyectos\\\/#primaryimage\"},\"thumbnailUrl\":\"https:\\\/\\\/www.ci-romero.de\\\/es\\\/wp-content\\\/uploads\\\/2018\\\/03\\\/dzi-spendensiegel.png\",\"datePublished\":\"2020-05-29T12:14:47+00:00\",\"dateModified\":\"2022-05-12T15:54:53+00:00\",\"description\":\"El respeto de los Derechos Humanos forma la base para el buen vivir y una vida en dignidad para todos.\",\"breadcrumb\":{\"@id\":\"https:\\\/\\\/www.ci-romero.de\\\/es\\\/proyectos\\\/#breadcrumb\"},\"inLanguage\":\"es\",\"potentialAction\":[{\"@type\":\"ReadAction\",\"target\":[\"https:\\\/\\\/www.ci-romero.de\\\/es\\\/proyectos\\\/\"]}]},{\"@type\":\"ImageObject\",\"inLanguage\":\"es\",\"@id\":\"https:\\\/\\\/www.ci-romero.de\\\/es\\\/proyectos\\\/#primaryimage\",\"url\":\"https:\\\/\\\/www.ci-romero.de\\\/es\\\/wp-content\\\/uploads\\\/2018\\\/03\\\/dzi-spendensiegel.png\",\"contentUrl\":\"https:\\\/\\\/www.ci-romero.de\\\/es\\\/wp-content\\\/uploads\\\/2018\\\/03\\\/dzi-spendensiegel.png\",\"width\":55,\"height\":84,\"caption\":\"DZI Spendensiegel\"},{\"@type\":\"BreadcrumbList\",\"@id\":\"https:\\\/\\\/www.ci-romero.de\\\/es\\\/proyectos\\\/#breadcrumb\",\"itemListElement\":[{\"@type\":\"ListItem\",\"position\":1,\"name\":\"Home\",\"item\":\"https:\\\/\\\/www.ci-romero.de\\\/es\\\/\"},{\"@type\":\"ListItem\",\"position\":2,\"name\":\"Proyectos\"}]},{\"@type\":\"WebSite\",\"@id\":\"https:\\\/\\\/www.ci-romero.de\\\/es\\\/#website\",\"url\":\"https:\\\/\\\/www.ci-romero.de\\\/es\\\/\",\"name\":\"Christliche Initiative Romero e.V. (CIR)\",\"description\":\"Eine Stimme f\u00fcr mehr Gerechtigkeit\",\"potentialAction\":[{\"@type\":\"SearchAction\",\"target\":{\"@type\":\"EntryPoint\",\"urlTemplate\":\"https:\\\/\\\/www.ci-romero.de\\\/es\\\/?s={search_term_string}\"},\"query-input\":{\"@type\":\"PropertyValueSpecification\",\"valueRequired\":true,\"valueName\":\"search_term_string\"}}],\"inLanguage\":\"es\"}]}<\/script>\n<!-- \/ Yoast SEO plugin. -->","yoast_head_json":{"title":"Derechos Humanos | Estos son los temas centrales de la CIR","description":"El respeto de los Derechos Humanos forma la base para el buen vivir y una vida en dignidad para todos.","robots":{"index":"index","follow":"follow","max-snippet":"max-snippet:-1","max-image-preview":"max-image-preview:large","max-video-preview":"max-video-preview:-1"},"canonical":"https:\/\/www.ci-romero.de\/es\/proyectos\/","og_locale":"es_ES","og_type":"article","og_title":"Derechos Humanos | Estos son los temas centrales de la CIR","og_description":"El respeto de los Derechos Humanos forma la base para el buen vivir y una vida en dignidad para todos.","og_url":"https:\/\/www.ci-romero.de\/es\/proyectos\/","og_site_name":"Christliche Initiative Romero e.V. (CIR)","article_modified_time":"2022-05-12T15:54:53+00:00","og_image":[{"url":"https:\/\/www.ci-romero.de\/es\/wp-content\/uploads\/2018\/03\/dzi-spendensiegel.png","type":"","width":"","height":""}],"twitter_card":"summary_large_image","twitter_misc":{"Tiempo de lectura":"2 minutos"},"schema":{"@context":"https:\/\/schema.org","@graph":[{"@type":"WebPage","@id":"https:\/\/www.ci-romero.de\/es\/proyectos\/","url":"https:\/\/www.ci-romero.de\/es\/proyectos\/","name":"Derechos Humanos | Estos son los temas centrales de la CIR","isPartOf":{"@id":"https:\/\/www.ci-romero.de\/es\/#website"},"primaryImageOfPage":{"@id":"https:\/\/www.ci-romero.de\/es\/proyectos\/#primaryimage"},"image":{"@id":"https:\/\/www.ci-romero.de\/es\/proyectos\/#primaryimage"},"thumbnailUrl":"https:\/\/www.ci-romero.de\/es\/wp-content\/uploads\/2018\/03\/dzi-spendensiegel.png","datePublished":"2020-05-29T12:14:47+00:00","dateModified":"2022-05-12T15:54:53+00:00","description":"El respeto de los Derechos Humanos forma la base para el buen vivir y una vida en dignidad para todos.","breadcrumb":{"@id":"https:\/\/www.ci-romero.de\/es\/proyectos\/#breadcrumb"},"inLanguage":"es","potentialAction":[{"@type":"ReadAction","target":["https:\/\/www.ci-romero.de\/es\/proyectos\/"]}]},{"@type":"ImageObject","inLanguage":"es","@id":"https:\/\/www.ci-romero.de\/es\/proyectos\/#primaryimage","url":"https:\/\/www.ci-romero.de\/es\/wp-content\/uploads\/2018\/03\/dzi-spendensiegel.png","contentUrl":"https:\/\/www.ci-romero.de\/es\/wp-content\/uploads\/2018\/03\/dzi-spendensiegel.png","width":55,"height":84,"caption":"DZI Spendensiegel"},{"@type":"BreadcrumbList","@id":"https:\/\/www.ci-romero.de\/es\/proyectos\/#breadcrumb","itemListElement":[{"@type":"ListItem","position":1,"name":"Home","item":"https:\/\/www.ci-romero.de\/es\/"},{"@type":"ListItem","position":2,"name":"Proyectos"}]},{"@type":"WebSite","@id":"https:\/\/www.ci-romero.de\/es\/#website","url":"https:\/\/www.ci-romero.de\/es\/","name":"Christliche Initiative Romero e.V. (CIR)","description":"Eine Stimme f\u00fcr mehr Gerechtigkeit","potentialAction":[{"@type":"SearchAction","target":{"@type":"EntryPoint","urlTemplate":"https:\/\/www.ci-romero.de\/es\/?s={search_term_string}"},"query-input":{"@type":"PropertyValueSpecification","valueRequired":true,"valueName":"search_term_string"}}],"inLanguage":"es"}]}},"_links":{"self":[{"href":"https:\/\/www.ci-romero.de\/es\/wp-json\/wp\/v2\/pages\/12547","targetHints":{"allow":["GET"]}}],"collection":[{"href":"https:\/\/www.ci-romero.de\/es\/wp-json\/wp\/v2\/pages"}],"about":[{"href":"https:\/\/www.ci-romero.de\/es\/wp-json\/wp\/v2\/types\/page"}],"author":[{"embeddable":true,"href":"https:\/\/www.ci-romero.de\/es\/wp-json\/wp\/v2\/users\/121"}],"replies":[{"embeddable":true,"href":"https:\/\/www.ci-romero.de\/es\/wp-json\/wp\/v2\/comments?post=12547"}],"version-history":[{"count":5,"href":"https:\/\/www.ci-romero.de\/es\/wp-json\/wp\/v2\/pages\/12547\/revisions"}],"predecessor-version":[{"id":12991,"href":"https:\/\/www.ci-romero.de\/es\/wp-json\/wp\/v2\/pages\/12547\/revisions\/12991"}],"wp:attachment":[{"href":"https:\/\/www.ci-romero.de\/es\/wp-json\/wp\/v2\/media?parent=12547"}],"curies":[{"name":"wp","href":"https:\/\/api.w.org\/{rel}","templated":true}]}}